{"id":6422,"date":"2022-09-05T13:51:39","date_gmt":"2022-09-05T11:51:39","guid":{"rendered":"https:\/\/kundenvorschau.mw-it.at\/?page_id=6422"},"modified":"2023-07-25T21:17:05","modified_gmt":"2023-07-25T19:17:05","slug":"impressum","status":"publish","type":"page","link":"https:\/\/www.h-werk.ch\/buchs\/impressum\/","title":{"rendered":"Impressum"},"content":{"rendered":"<div data-colibri-id=\"6422-c1\" class=\"style-1966 style-local-6422-c1 position-relative\">\r\n  <!---->\r\n  <div data-colibri-component=\"section\" data-colibri-id=\"6422-c2\" id=\"contact\" class=\"h-section h-section-global-spacing d-flex align-items-lg-center align-items-md-center align-items-center style-1967 style-local-6422-c2 position-relative\">\r\n    <!---->\r\n    <!---->\r\n    <div class=\"h-section-grid-container h-section-boxed-container\">\r\n      <!---->\r\n      <div data-colibri-id=\"6422-c3\" class=\"h-row-container gutters-row-lg-0 gutters-row-md-0 gutters-row-2 gutters-row-v-lg-0 gutters-row-v-md-0 gutters-row-v-2 style-1968 style-local-6422-c3 position-relative\">\r\n        <!---->\r\n        <div class=\"h-row justify-content-lg-center justify-content-md-center justify-content-center align-items-lg-center align-items-md-center align-items-center gutters-col-lg-0 gutters-col-md-0 gutters-col-2 gutters-col-v-lg-0 gutters-col-v-md-0 gutters-col-v-2\">\r\n          <!---->\r\n          <div class=\"h-column h-column-container d-flex h-col-lg-auto h-col-md-auto h-col-auto align-self-lg-center align-self-md-center align-self-center style-1969-outer style-local-6422-c4-outer\">\r\n            <div data-colibri-id=\"6422-c4\" class=\"d-flex h-flex-basis h-column__inner h-px-lg-3 h-px-md-3 h-px-2 v-inner-lg-3 v-inner-md-3 v-inner-2 style-1969 style-local-6422-c4 position-relative\">\r\n              <!---->\r\n              <!---->\r\n              <div class=\"w-100 h-y-container h-column__content h-column__v-align flex-basis-100 align-self-lg-start align-self-md-start align-self-start\">\r\n                <!---->\r\n                <div data-colibri-id=\"6422-c5\" class=\"h-row-container gutters-row-lg-0 gutters-row-md-0 gutters-row-0 gutters-row-v-lg-0 gutters-row-v-md-0 gutters-row-v-0 style-1970 style-local-6422-c5 position-relative\">\r\n                  <!---->\r\n                  <div class=\"h-row justify-content-lg-center justify-content-md-center justify-content-center align-items-lg-stretch align-items-md-stretch align-items-stretch gutters-col-lg-0 gutters-col-md-0 gutters-col-0 gutters-col-v-lg-0 gutters-col-v-md-0 gutters-col-v-0\">\r\n                    <!---->\r\n                    <div class=\"h-column h-column-container d-flex h-col-lg-12 h-col-md-12 h-col-12 style-1971-outer style-local-6422-c6-outer\">\r\n                      <div data-colibri-id=\"6422-c6\" class=\"d-flex h-flex-basis h-column__inner h-px-lg-0 h-px-md-0 h-px-0 v-inner-lg-0 v-inner-md-0 v-inner-0 style-1971 style-local-6422-c6 position-relative\">\r\n                        <!---->\r\n                        <!---->\r\n                        <div class=\"w-100 h-y-container h-column__content h-column__v-align flex-basis-100 align-self-lg-start align-self-md-start align-self-start\">\r\n                          <!---->\r\n                          <div data-colibri-id=\"6422-c7\" class=\"h-global-transition-all h-heading style-1972 style-local-6422-c7 position-relative h-element\">\r\n                            <!---->\r\n                            <div class=\"h-heading__outer style-1972 style-local-6422-c7\">\r\n                              <!---->\r\n                              <!---->\r\n                              <h2 class=\"\"><span style=\"font-family: Amethysta;\">Verantwortung f\u00fcr den Inhalt<\/span><\/h2>\r\n                            <\/div>\r\n                          <\/div>\r\n                        <\/div>\r\n                      <\/div>\r\n                    <\/div>\r\n                  <\/div>\r\n                <\/div>\r\n                <div data-colibri-id=\"6422-c8\" class=\"h-row-container gutters-row-lg-0 gutters-row-md-0 gutters-row-0 gutters-row-v-lg-0 gutters-row-v-md-0 gutters-row-v-0 style-1976 style-local-6422-c8 position-relative\">\r\n                  <!---->\r\n                  <div class=\"h-row justify-content-lg-center justify-content-md-center justify-content-center align-items-lg-stretch align-items-md-stretch align-items-stretch gutters-col-lg-0 gutters-col-md-0 gutters-col-0 gutters-col-v-lg-0 gutters-col-v-md-0 gutters-col-v-0\">\r\n                    <!---->\r\n                    <div class=\"h-column h-column-container d-flex h-col-lg h-col-md h-col-auto style-1977-outer style-local-6422-c9-outer\">\r\n                      <div data-colibri-id=\"6422-c9\" class=\"d-flex h-flex-basis h-column__inner h-px-lg-0 h-px-md-0 h-px-2 v-inner-lg-0 v-inner-md-0 v-inner-2 style-1977 style-local-6422-c9 position-relative\">\r\n                        <!---->\r\n                        <!---->\r\n                        <div class=\"w-100 h-y-container h-column__content h-column__v-align flex-basis-100 align-self-lg-start align-self-md-start align-self-start\">\r\n                          <!---->\r\n                          <div data-colibri-id=\"6422-c10\" class=\"h-text h-text-component style-1987 style-local-6422-c10 position-relative h-element\">\r\n                            <!---->\r\n                            <!---->\r\n                            <div class=\"\">\r\n                              <p><span style=\"font-weight: 400; font-size: 14px; font-family: &quot;Helvetica Neue&quot;, Helvetica, Arial, sans-serif; color: rgb(114, 114, 114);\">haarWERK Tanja Topcu<\/span><\/p>\r\n                              <p><span style=\"font-weight: 400; font-size: 14px; font-family: &quot;Helvetica Neue&quot;, Helvetica, Arial, sans-serif; color: rgb(114, 114, 114);\">Gr\u00fcnaustrasse 17 CH-9470 Buchs<\/span><\/p>\r\n                              <p><span style=\"font-weight: 400; font-size: 14px; font-family: &quot;Helvetica Neue&quot;, Helvetica, Arial, sans-serif; color: rgb(114, 114, 114);\">Telefon 081 756 64 77<\/span><\/p>\r\n                              <p>\r\n                                <a href=\"mailto:info@h-werk.ch\" style=\"font-weight: 400; font-size: 14px; font-family: &quot;PT Sans&quot;; color: rgb(186, 46, 54);\">info@h-werk.ch<\/a>\r\n                              <\/p>\r\n                            <\/div>\r\n                          <\/div>\r\n                        <\/div>\r\n                      <\/div>\r\n                    <\/div>\r\n                  <\/div>\r\n                <\/div>\r\n              <\/div>\r\n            <\/div>\r\n          <\/div>\r\n          <div class=\"h-column h-column-container d-flex h-col-lg-auto h-col-md-auto h-col-auto align-self-lg-center align-self-md-center align-self-center style-1985-outer style-local-6422-c11-outer\">\r\n            <div data-colibri-id=\"6422-c11\" class=\"d-flex h-flex-basis h-column__inner h-px-lg-3 h-px-md-3 h-px-2 v-inner-lg-3 v-inner-md-3 v-inner-2 style-1985 style-local-6422-c11 position-relative\">\r\n              <!---->\r\n              <!---->\r\n              <div class=\"w-100 h-y-container h-column__content h-column__v-align flex-basis-100 align-self-lg-center align-self-md-center align-self-center\">\r\n                <!---->\r\n                <div data-colibri-id=\"6422-c12\" class=\"h-text h-text-component style-1988 style-local-6422-c12 position-relative h-element\">\r\n                  <!---->\r\n                  <!---->\r\n                  <div class=\"\">\r\n                    <h2><strong style=\"font-family: Amethysta;\">Allgemeines<\/strong><\/h2>\r\n                    <p>Alle Informationen und Erkl\u00e4rungen dieser Internetseiten sind unverbindlich.&nbsp;haarWERK Tanja Topcu \u00fcbernimmt f\u00fcr die Richtigkeit und Vollst\u00e4ndigkeit der Inhalte keine Gew\u00e4hr. Es wird keine Garantie \u00fcbernommen und keine Zusicherung\r\n                      von Produkteigenschaften gemacht. Aus den Inhalten der Internetseiten ergeben sich keine Rechtsanspr\u00fcche. Fehler im Inhalt werden bei Kenntnis dar\u00fcber unverz\u00fcglich korrigiert. Die Inhalte der Internetseiten k\u00f6nnen durch zeitverz\u00f6gerte\r\n                      Aktualisierung nicht permanent aktuell sein. Links auf andere Internetseiten werden nicht permanent kontrolliert. Somit \u00fcbernehmen wir keine Verantwortung f\u00fcr den Inhalt verlinkter Seiten.<\/p>\r\n                    <p>\r\n                      <br>\r\n                    <\/p>\r\n                  <\/div>\r\n                <\/div>\r\n              <\/div>\r\n            <\/div>\r\n          <\/div>\r\n        <\/div>\r\n      <\/div>\r\n    <\/div>\r\n  <\/div>\r\n<\/div>","protected":false},"excerpt":{"rendered":"<p>Verantwortung f\u00fcr den Inhalt haarWERK Tanja Topcu Gr\u00fcnaustrasse 17 CH-9470 Buchs Telefon 081 756 64 77 info@h-werk.ch Allgemeines Alle Informationen und Erkl\u00e4rungen dieser Internetseiten sind unverbindlich.&nbsp;haarWERK Tanja Topcu \u00fcbernimmt f\u00fcr die Richtigkeit und Vollst\u00e4ndigkeit der Inhalte keine Gew\u00e4hr. Es wird keine Garantie \u00fcbernommen und keine Zusicherung von Produkteigenschaften gemacht. Aus den Inhalten der Internetseiten ergeben [&hellip;]<\/p>\n","protected":false},"author":7,"featured_media":0,"parent":0,"menu_order":0,"comment_status":"closed","ping_status":"closed","template":"page-templates\/full-width-page.php","meta":[],"_links":{"self":[{"href":"https:\/\/www.h-werk.ch\/buchs\/wp-json\/wp\/v2\/pages\/6422"}],"collection":[{"href":"https:\/\/www.h-werk.ch\/buchs\/wp-json\/wp\/v2\/pages"}],"about":[{"href":"https:\/\/www.h-werk.ch\/buchs\/wp-json\/wp\/v2\/types\/page"}],"author":[{"embeddable":true,"href":"https:\/\/www.h-werk.ch\/buchs\/wp-json\/wp\/v2\/users\/7"}],"replies":[{"embeddable":true,"href":"https:\/\/www.h-werk.ch\/buchs\/wp-json\/wp\/v2\/comments?post=6422"}],"version-history":[{"count":3,"href":"https:\/\/www.h-werk.ch\/buchs\/wp-json\/wp\/v2\/pages\/6422\/revisions"}],"predecessor-version":[{"id":6450,"href":"https:\/\/www.h-werk.ch\/buchs\/wp-json\/wp\/v2\/pages\/6422\/revisions\/6450"}],"wp:attachment":[{"href":"https:\/\/www.h-werk.ch\/buchs\/wp-json\/wp\/v2\/media?parent=6422"}],"curies":[{"name":"wp","href":"https:\/\/api.w.org\/{rel}","templated":true}]}}