{"id":2239,"date":"2022-04-23T18:25:13","date_gmt":"2022-04-23T16:25:13","guid":{"rendered":"https:\/\/kundenvorschau.mw-it.at\/?post_type=product&#038;p=2239"},"modified":"2022-07-17T17:07:20","modified_gmt":"2022-07-17T15:07:20","slug":"system-professional-repair-shampoo-250ml","status":"publish","type":"product","link":"https:\/\/www.h-werk.ch\/buchs\/product\/system-professional-repair-shampoo-250ml\/","title":{"rendered":"System Professional &#8211; Repair Shampoo"},"content":{"rendered":"<h1>System Professional &#8211; Wella Repair Shampoo<\/h1>\n<p><strong>Produktbeschreibung:<\/strong><br \/>\nT\u00e4gliche sanfte Reinigung und Kr\u00e4ftigung, die empfindliches und gesch\u00e4digtes Haar geschmeidig macht.<\/p>\n<p>Rezepturhighlights:<br \/>\n\u2022 Geeignet f\u00fcr gesch\u00e4digtes, br\u00fcchiges, chemisch behandeltes und strapaziertes Haar<br \/>\n\u2022 Ber\u00fccksichtigt die Anf\u00e4lligkeit von gesch\u00e4digtem Haar.<\/p>\n","protected":false},"excerpt":{"rendered":"<p>System Professional &#8211; Repair Shampoo f\u00fcr die t\u00e4gliche, sanfte Reinigung und Kr\u00e4ftigung.<\/p>\n","protected":false},"featured_media":5073,"template":"","meta":[],"product_cat":[41],"product_tag":[],"_links":{"self":[{"href":"https:\/\/www.h-werk.ch\/buchs\/wp-json\/wp\/v2\/product\/2239"}],"collection":[{"href":"https:\/\/www.h-werk.ch\/buchs\/wp-json\/wp\/v2\/product"}],"about":[{"href":"https:\/\/www.h-werk.ch\/buchs\/wp-json\/wp\/v2\/types\/product"}],"wp:featuredmedia":[{"embeddable":true,"href":"https:\/\/www.h-werk.ch\/buchs\/wp-json\/wp\/v2\/media\/5073"}],"wp:attachment":[{"href":"https:\/\/www.h-werk.ch\/buchs\/wp-json\/wp\/v2\/media?parent=2239"}],"wp:term":[{"taxonomy":"product_cat","embeddable":true,"href":"https:\/\/www.h-werk.ch\/buchs\/wp-json\/wp\/v2\/product_cat?post=2239"},{"taxonomy":"product_tag","embeddable":true,"href":"https:\/\/www.h-werk.ch\/buchs\/wp-json\/wp\/v2\/product_tag?post=2239"}],"curies":[{"name":"wp","href":"https:\/\/api.w.org\/{rel}","templated":true}]}}