{"id":2243,"date":"2022-04-23T18:41:06","date_gmt":"2022-04-23T16:41:06","guid":{"rendered":"https:\/\/kundenvorschau.mw-it.at\/?post_type=product&#038;p=2243"},"modified":"2022-07-17T16:24:22","modified_gmt":"2022-07-17T14:24:22","slug":"system-professional-purify-shampoo-von-wella","status":"publish","type":"product","link":"https:\/\/www.h-werk.ch\/buchs\/product\/system-professional-purify-shampoo-von-wella\/","title":{"rendered":"System Professional &#8211; Purify Shampoo"},"content":{"rendered":"<h1>System Professional &#8211; Purify Shampoo<\/h1>\n<p><strong>Produktbeschreibung:<\/strong><br \/>\nPr\u00e4zise ausgewogene sanfte Reinigung zur Reduzierung von Schuppen und \u00fcbersch\u00fcssigem Fett.<\/p>\n<p><strong>Pflegevorteile:<\/strong><br \/>\n\u2022 Reinigt und entfernt gleichzeitig die Mikroorganismen, die Schuppen verursachen<br \/>\n\u2022 Reduziert Entz\u00fcndungen<br \/>\n\u2022 Lang anhaltende Ergebnisse<br \/>\n\u2022 Gezielte Bek\u00e4mpfung der Ursachen von Schuppen und Fett<\/p>\n<p><strong>Rezeptur-Highlights:<\/strong><br \/>\n\u2022 Von Dermatologen entwickelt und getestet<br \/>\n\u2022 Aktive Inhaltsstoffe reduzieren Talg<br \/>\n\u2022 Mild und pH-neutral<\/p>\n","protected":false},"excerpt":{"rendered":"<p><strong>Purify Shampoo von Wella ist eine pr\u00e4zise ausgewogene sanfte Reinigung zur Reduzierung von Schuppen und \u00fcbersch\u00fcssigem Fett.<\/strong><\/p>\n","protected":false},"featured_media":5065,"template":"","meta":[],"product_cat":[42],"product_tag":[],"_links":{"self":[{"href":"https:\/\/www.h-werk.ch\/buchs\/wp-json\/wp\/v2\/product\/2243"}],"collection":[{"href":"https:\/\/www.h-werk.ch\/buchs\/wp-json\/wp\/v2\/product"}],"about":[{"href":"https:\/\/www.h-werk.ch\/buchs\/wp-json\/wp\/v2\/types\/product"}],"wp:featuredmedia":[{"embeddable":true,"href":"https:\/\/www.h-werk.ch\/buchs\/wp-json\/wp\/v2\/media\/5065"}],"wp:attachment":[{"href":"https:\/\/www.h-werk.ch\/buchs\/wp-json\/wp\/v2\/media?parent=2243"}],"wp:term":[{"taxonomy":"product_cat","embeddable":true,"href":"https:\/\/www.h-werk.ch\/buchs\/wp-json\/wp\/v2\/product_cat?post=2243"},{"taxonomy":"product_tag","embeddable":true,"href":"https:\/\/www.h-werk.ch\/buchs\/wp-json\/wp\/v2\/product_tag?post=2243"}],"curies":[{"name":"wp","href":"https:\/\/api.w.org\/{rel}","templated":true}]}}