{"id":2270,"date":"2022-04-24T14:56:54","date_gmt":"2022-04-24T12:56:54","guid":{"rendered":"https:\/\/kundenvorschau.mw-it.at\/?post_type=product&#038;p=2270"},"modified":"2022-07-17T12:17:00","modified_gmt":"2022-07-17T10:17:00","slug":"system-professional-balance-energy-serum","status":"publish","type":"product","link":"https:\/\/www.h-werk.ch\/buchs\/product\/system-professional-balance-energy-serum\/","title":{"rendered":"System Professional &#8211; Balance Energy Serum"},"content":{"rendered":"<h1>System Professional &#8211; Balance Energy Serum<\/h1>\n<p><strong>Produktbeschreibung:<\/strong><br \/>\nSchnelle Kr\u00e4ftigung und N\u00e4hrung, die d\u00fcnnes Haar wieder lebendig machen.<\/p>\n<p><strong>Pflegevorteile:<\/strong><br \/>\n\u2022 Stellt das nat\u00fcrliche Gleichgewicht der Kopfhaut wieder her<br \/>\n\u2022 Reduziert Entz\u00fcndungen und st\u00e4rkt das Haar<br \/>\n\u2022 Hilft, Haarausfall bis zu 50 % zu reduzieren*<\/p>\n<p>Rezeptur-Highlights:<br \/>\n\u2022 Sanft und beruhigend<br \/>\n\u2022 Transformativ<br \/>\n\u2022 Mild und schonend<br \/>\n\u2022 In Zusammenarbeit mit Dermatologen entwickelt<br \/>\n\u2022 Auf Vertr\u00e4glichkeit und Wirksamkeit bei empfindlicher Haut getestet<br \/>\n* Durch verbesserte Verankerung des Haares nach 3-monatiger Anwendung.<\/p>\n","protected":false},"excerpt":{"rendered":"<p>Schnelle Kr\u00e4ftigung und N\u00e4hrung, die d\u00fcnnes Haar wieder lebendig machen.<\/p>\n","protected":false},"featured_media":2271,"template":"","meta":[],"product_cat":[40],"product_tag":[],"_links":{"self":[{"href":"https:\/\/www.h-werk.ch\/buchs\/wp-json\/wp\/v2\/product\/2270"}],"collection":[{"href":"https:\/\/www.h-werk.ch\/buchs\/wp-json\/wp\/v2\/product"}],"about":[{"href":"https:\/\/www.h-werk.ch\/buchs\/wp-json\/wp\/v2\/types\/product"}],"wp:featuredmedia":[{"embeddable":true,"href":"https:\/\/www.h-werk.ch\/buchs\/wp-json\/wp\/v2\/media\/2271"}],"wp:attachment":[{"href":"https:\/\/www.h-werk.ch\/buchs\/wp-json\/wp\/v2\/media?parent=2270"}],"wp:term":[{"taxonomy":"product_cat","embeddable":true,"href":"https:\/\/www.h-werk.ch\/buchs\/wp-json\/wp\/v2\/product_cat?post=2270"},{"taxonomy":"product_tag","embeddable":true,"href":"https:\/\/www.h-werk.ch\/buchs\/wp-json\/wp\/v2\/product_tag?post=2270"}],"curies":[{"name":"wp","href":"https:\/\/api.w.org\/{rel}","templated":true}]}}