{"id":2836,"date":"2022-05-18T16:43:56","date_gmt":"2022-05-18T14:43:56","guid":{"rendered":"https:\/\/kundenvorschau.mw-it.at\/?post_type=product&#038;p=2836"},"modified":"2022-07-17T16:41:07","modified_gmt":"2022-07-17T14:41:07","slug":"system-professional-repair-conditioner","status":"publish","type":"product","link":"https:\/\/www.h-werk.ch\/buchs\/product\/system-professional-repair-conditioner\/","title":{"rendered":"System Professional &#8211;  Repair Conditioner"},"content":{"rendered":"<h1>System Professional &#8211; Repair Conditioner<\/h1>\n<p>Die 30-Sekunden-Reparatur und Pflege, die sofort sp\u00fcrbar kraftloses und spr\u00f6des Haar st\u00e4rkt.<\/p>\n<p><strong>Haarpflege-Vorteile:<\/strong><br \/>\nVerbessert die Stylebarkeit<br \/>\nverbessert die Geschmeidigkeit und K\u00e4mmbarkeit, wenn das Haar noch feucht ist<br \/>\nPflegt und sch\u00fctzt die Haarfasern<\/p>\n","protected":false},"excerpt":{"rendered":"<p>Ultra-schnelle Pflege mit professionellen Ergebnissen f\u00fcr coloriertes und gesch\u00e4digtes Haar.<\/p>\n","protected":false},"featured_media":5067,"template":"","meta":[],"product_cat":[41],"product_tag":[],"_links":{"self":[{"href":"https:\/\/www.h-werk.ch\/buchs\/wp-json\/wp\/v2\/product\/2836"}],"collection":[{"href":"https:\/\/www.h-werk.ch\/buchs\/wp-json\/wp\/v2\/product"}],"about":[{"href":"https:\/\/www.h-werk.ch\/buchs\/wp-json\/wp\/v2\/types\/product"}],"wp:featuredmedia":[{"embeddable":true,"href":"https:\/\/www.h-werk.ch\/buchs\/wp-json\/wp\/v2\/media\/5067"}],"wp:attachment":[{"href":"https:\/\/www.h-werk.ch\/buchs\/wp-json\/wp\/v2\/media?parent=2836"}],"wp:term":[{"taxonomy":"product_cat","embeddable":true,"href":"https:\/\/www.h-werk.ch\/buchs\/wp-json\/wp\/v2\/product_cat?post=2836"},{"taxonomy":"product_tag","embeddable":true,"href":"https:\/\/www.h-werk.ch\/buchs\/wp-json\/wp\/v2\/product_tag?post=2836"}],"curies":[{"name":"wp","href":"https:\/\/api.w.org\/{rel}","templated":true}]}}