{"id":2841,"date":"2022-05-18T17:08:22","date_gmt":"2022-05-18T15:08:22","guid":{"rendered":"https:\/\/kundenvorschau.mw-it.at\/?post_type=product&#038;p=2841"},"modified":"2022-07-17T16:44:47","modified_gmt":"2022-07-17T14:44:47","slug":"system-professional-repair-mask","status":"publish","type":"product","link":"https:\/\/www.h-werk.ch\/buchs\/product\/system-professional-repair-mask\/","title":{"rendered":"System Professional &#8211; Repair Mask"},"content":{"rendered":"<h1>System Professional &#8211; Repair Mask<\/h1>\n<p>F\u00fcr gesch\u00e4digtes, spr\u00f6des, chemisch behandeltes und sensibilisiertes Haar<br \/>\nDie ideale Vorbereitung f\u00fcr jede anschlie\u00dfende System Professional Behandlung<\/p>\n<p><strong>Haarpflege-Vorteile:<\/strong><br \/>\nEs reduziert Haarbruch und sorgt f\u00fcr Geschmeidigkeit und bessere Stylebarkeit<br \/>\nErh\u00e4lt das Haar sichtbar gesund<\/p>\n","protected":false},"excerpt":{"rendered":"<p> Mit nur einer Anwendung Tiefenreparatur und St\u00e4rkung von besonders gesch\u00e4digtem Haar.<\/p>\n","protected":false},"featured_media":2842,"template":"","meta":[],"product_cat":[41],"product_tag":[],"_links":{"self":[{"href":"https:\/\/www.h-werk.ch\/buchs\/wp-json\/wp\/v2\/product\/2841"}],"collection":[{"href":"https:\/\/www.h-werk.ch\/buchs\/wp-json\/wp\/v2\/product"}],"about":[{"href":"https:\/\/www.h-werk.ch\/buchs\/wp-json\/wp\/v2\/types\/product"}],"wp:featuredmedia":[{"embeddable":true,"href":"https:\/\/www.h-werk.ch\/buchs\/wp-json\/wp\/v2\/media\/2842"}],"wp:attachment":[{"href":"https:\/\/www.h-werk.ch\/buchs\/wp-json\/wp\/v2\/media?parent=2841"}],"wp:term":[{"taxonomy":"product_cat","embeddable":true,"href":"https:\/\/www.h-werk.ch\/buchs\/wp-json\/wp\/v2\/product_cat?post=2841"},{"taxonomy":"product_tag","embeddable":true,"href":"https:\/\/www.h-werk.ch\/buchs\/wp-json\/wp\/v2\/product_tag?post=2841"}],"curies":[{"name":"wp","href":"https:\/\/api.w.org\/{rel}","templated":true}]}}