{"id":2857,"date":"2022-05-19T11:16:05","date_gmt":"2022-05-19T09:16:05","guid":{"rendered":"https:\/\/kundenvorschau.mw-it.at\/?post_type=product&#038;p=2857"},"modified":"2022-07-17T15:20:28","modified_gmt":"2022-07-17T13:20:28","slug":"system-professional-luxeoil-keratin-restore-mask","status":"publish","type":"product","link":"https:\/\/www.h-werk.ch\/buchs\/product\/system-professional-luxeoil-keratin-restore-mask\/","title":{"rendered":"System Professional &#8211; Luxeoil Keratin Restore Mask"},"content":{"rendered":"<h1>System Professional &#8211; Luxeoil Keratin Restore Mask<\/h1>\n<p>Pflegevorteile:<br \/>\n\u2022 Sch\u00fctzt Keratin und Haarfaser vor Styling-Belastungen<br \/>\n\u2022 N\u00e4hrt das Haar und sorgt f\u00fcr Geschmeidigkeit, um es leichter k\u00e4mmbar zu machen und Frizz zu vermeiden<br \/>\n\u2022 Wiederherstellung des Haares f\u00fcr eine verbesserte Textur und ein luxuri\u00f6ses Gef\u00fchl<\/p>\n<p>Rezepturhighlights:<br \/>\n\u2022 F\u00fcr alle Haartypen geeignet<\/p>\n","protected":false},"excerpt":{"rendered":"<p>Sofortige Geschmeidigkeit und Schutz des Keratins.<\/p>\n","protected":false},"featured_media":2858,"template":"","meta":[],"product_cat":[52],"product_tag":[],"_links":{"self":[{"href":"https:\/\/www.h-werk.ch\/buchs\/wp-json\/wp\/v2\/product\/2857"}],"collection":[{"href":"https:\/\/www.h-werk.ch\/buchs\/wp-json\/wp\/v2\/product"}],"about":[{"href":"https:\/\/www.h-werk.ch\/buchs\/wp-json\/wp\/v2\/types\/product"}],"wp:featuredmedia":[{"embeddable":true,"href":"https:\/\/www.h-werk.ch\/buchs\/wp-json\/wp\/v2\/media\/2858"}],"wp:attachment":[{"href":"https:\/\/www.h-werk.ch\/buchs\/wp-json\/wp\/v2\/media?parent=2857"}],"wp:term":[{"taxonomy":"product_cat","embeddable":true,"href":"https:\/\/www.h-werk.ch\/buchs\/wp-json\/wp\/v2\/product_cat?post=2857"},{"taxonomy":"product_tag","embeddable":true,"href":"https:\/\/www.h-werk.ch\/buchs\/wp-json\/wp\/v2\/product_tag?post=2857"}],"curies":[{"name":"wp","href":"https:\/\/api.w.org\/{rel}","templated":true}]}}