{"id":2860,"date":"2022-05-19T12:55:29","date_gmt":"2022-05-19T10:55:29","guid":{"rendered":"https:\/\/kundenvorschau.mw-it.at\/?post_type=product&#038;p=2860"},"modified":"2022-07-17T18:23:34","modified_gmt":"2022-07-17T16:23:34","slug":"system-professional-luxeoil-reconstructive-elixir","status":"publish","type":"product","link":"https:\/\/www.h-werk.ch\/buchs\/product\/system-professional-luxeoil-reconstructive-elixir\/","title":{"rendered":"System Professional &#8211;  LuxeOil Reconstructive Elixir"},"content":{"rendered":"<h1> System Professional &#8211; LuxeOil Reconstructive Elixir<\/h1>\n<p>F\u00f6rdert langanhaltende Geschmeidigkeit und Glanz<br \/>\nZieht in die Haarstruktur ein, so dass Ihr Haar von innen heraus wiederaufgebaut wird<br \/>\nSch\u00fctzt Keratin gegen mechanische Beanspruchung<\/p>\n<p>F\u00fcr alle Haartypen. Auch f\u00fcr feines Haar geeignet<br \/>\nBis zu 86 % mehr Glanz<br \/>\nBietet als Zugabe zu einer System Professional Maske eine wiederaufbauende Komponente und ein luxuri\u00f6ses Haargef\u00fchl<br \/>\nBietet UV-Schutz f\u00fcr ein wundersch\u00f6nes reflektierendes Finish<br \/>\n*im Vergleich Shampoo ohne Conditioner<\/p>\n","protected":false},"excerpt":{"rendered":"<p>Ein hoch aktiver Keratinschutz f\u00fcr sofortige, leichte Geschmeidigkeit und h\u00f6chsten Glanz f\u00fcr Ihr Haar.<\/p>\n","protected":false},"featured_media":5080,"template":"","meta":[],"product_cat":[52],"product_tag":[],"_links":{"self":[{"href":"https:\/\/www.h-werk.ch\/buchs\/wp-json\/wp\/v2\/product\/2860"}],"collection":[{"href":"https:\/\/www.h-werk.ch\/buchs\/wp-json\/wp\/v2\/product"}],"about":[{"href":"https:\/\/www.h-werk.ch\/buchs\/wp-json\/wp\/v2\/types\/product"}],"wp:featuredmedia":[{"embeddable":true,"href":"https:\/\/www.h-werk.ch\/buchs\/wp-json\/wp\/v2\/media\/5080"}],"wp:attachment":[{"href":"https:\/\/www.h-werk.ch\/buchs\/wp-json\/wp\/v2\/media?parent=2860"}],"wp:term":[{"taxonomy":"product_cat","embeddable":true,"href":"https:\/\/www.h-werk.ch\/buchs\/wp-json\/wp\/v2\/product_cat?post=2860"},{"taxonomy":"product_tag","embeddable":true,"href":"https:\/\/www.h-werk.ch\/buchs\/wp-json\/wp\/v2\/product_tag?post=2860"}],"curies":[{"name":"wp","href":"https:\/\/api.w.org\/{rel}","templated":true}]}}