{"id":2864,"date":"2022-05-19T16:27:41","date_gmt":"2022-05-19T14:27:41","guid":{"rendered":"https:\/\/kundenvorschau.mw-it.at\/?post_type=product&#038;p=2864"},"modified":"2022-07-17T18:29:06","modified_gmt":"2022-07-17T16:29:06","slug":"system-professional-luxeoil-keratin-boost-essence","status":"publish","type":"product","link":"https:\/\/www.h-werk.ch\/buchs\/product\/system-professional-luxeoil-keratin-boost-essence\/","title":{"rendered":"System Professional &#8211; LuxeOil Keratin Boost Essence"},"content":{"rendered":"<h1>System Professional &#8211; LuxeOil Keratin Boost Essence<\/h1>\n<p>Verbessert die Frisierbarkeit und Geschmeidigkeit<br \/>\nSch\u00fctzt vor lichtbedingter Hautalterung<br \/>\nStellt die Haarstruktur wieder her und macht sie geschmeidig<\/p>\n<p>F\u00fcr alle Haartypen geeignet<br \/>\nBesonders f\u00fcr kraftloses, br\u00fcchiges und gesch\u00e4digtes Haar mit trockenen Spitzen<\/p>\n","protected":false},"excerpt":{"rendered":"<p> Eine Leave-in-Behandlung gegen Haarbruch, die tief in die Haarfasern eindringt. Das Keratin wird wieder aufgebaut und st\u00e4rkt die Widerstandsf\u00e4higkeit.<\/p>\n","protected":false},"featured_media":5081,"template":"","meta":[],"product_cat":[52],"product_tag":[],"_links":{"self":[{"href":"https:\/\/www.h-werk.ch\/buchs\/wp-json\/wp\/v2\/product\/2864"}],"collection":[{"href":"https:\/\/www.h-werk.ch\/buchs\/wp-json\/wp\/v2\/product"}],"about":[{"href":"https:\/\/www.h-werk.ch\/buchs\/wp-json\/wp\/v2\/types\/product"}],"wp:featuredmedia":[{"embeddable":true,"href":"https:\/\/www.h-werk.ch\/buchs\/wp-json\/wp\/v2\/media\/5081"}],"wp:attachment":[{"href":"https:\/\/www.h-werk.ch\/buchs\/wp-json\/wp\/v2\/media?parent=2864"}],"wp:term":[{"taxonomy":"product_cat","embeddable":true,"href":"https:\/\/www.h-werk.ch\/buchs\/wp-json\/wp\/v2\/product_cat?post=2864"},{"taxonomy":"product_tag","embeddable":true,"href":"https:\/\/www.h-werk.ch\/buchs\/wp-json\/wp\/v2\/product_tag?post=2864"}],"curies":[{"name":"wp","href":"https:\/\/api.w.org\/{rel}","templated":true}]}}