{"id":2867,"date":"2022-05-19T16:40:53","date_gmt":"2022-05-19T14:40:53","guid":{"rendered":"https:\/\/kundenvorschau.mw-it.at\/?post_type=product&#038;p=2867"},"modified":"2022-07-17T18:59:29","modified_gmt":"2022-07-17T16:59:29","slug":"system-professional-luxeoil-cream-elixir-50ml","status":"publish","type":"product","link":"https:\/\/www.h-werk.ch\/buchs\/product\/system-professional-luxeoil-cream-elixir-50ml\/","title":{"rendered":"System Professional &#8211; LuxeOil Cream Elixir"},"content":{"rendered":"<h1>System Professional &#8211; LuxeOil Cream Elixir<\/h1>\n<p>\u2022 Verbessert Stylebarkeit und Geschmeidigkeit<br \/>\n\u2022 Sch\u00fctzt vor Licht bedingter Alterung<br \/>\n\u2022 Baut die Haarstruktur wieder auf und macht sie geschmeidig<\/p>\n<p>\u2022 F\u00fcr alle Haartypen<br \/>\n\u2022 Geeignet f\u00fcr kraftloses und gesch\u00e4digtes Haar mit br\u00fcchigen und trockenen Spitzen<\/p>\n","protected":false},"excerpt":{"rendered":"<p>Leichte Anti-Frizz-Finishcreme, die das Keratin sch\u00fctzt und dabei f\u00fcr einen luxuri\u00f6sen Look  Feel sorgt.<\/p>\n","protected":false},"featured_media":5087,"template":"","meta":[],"product_cat":[52],"product_tag":[],"_links":{"self":[{"href":"https:\/\/www.h-werk.ch\/buchs\/wp-json\/wp\/v2\/product\/2867"}],"collection":[{"href":"https:\/\/www.h-werk.ch\/buchs\/wp-json\/wp\/v2\/product"}],"about":[{"href":"https:\/\/www.h-werk.ch\/buchs\/wp-json\/wp\/v2\/types\/product"}],"wp:featuredmedia":[{"embeddable":true,"href":"https:\/\/www.h-werk.ch\/buchs\/wp-json\/wp\/v2\/media\/5087"}],"wp:attachment":[{"href":"https:\/\/www.h-werk.ch\/buchs\/wp-json\/wp\/v2\/media?parent=2867"}],"wp:term":[{"taxonomy":"product_cat","embeddable":true,"href":"https:\/\/www.h-werk.ch\/buchs\/wp-json\/wp\/v2\/product_cat?post=2867"},{"taxonomy":"product_tag","embeddable":true,"href":"https:\/\/www.h-werk.ch\/buchs\/wp-json\/wp\/v2\/product_tag?post=2867"}],"curies":[{"name":"wp","href":"https:\/\/api.w.org\/{rel}","templated":true}]}}