{"id":3206,"date":"2022-05-20T10:54:45","date_gmt":"2022-05-20T08:54:45","guid":{"rendered":"https:\/\/kundenvorschau.mw-it.at\/?post_type=product&#038;p=3206"},"modified":"2022-07-17T19:58:43","modified_gmt":"2022-07-17T17:58:43","slug":"system-professional-volumize-mask-intensivpflege","status":"publish","type":"product","link":"https:\/\/www.h-werk.ch\/buchs\/product\/system-professional-volumize-mask-intensivpflege\/","title":{"rendered":"System Professional &#8211; Volumize Mask Intensivpflege"},"content":{"rendered":"<h1>System Professional &#8211; Volumize Mask Intensivpflege<\/h1>\n<p>\u2022 Sorgt f\u00fcr dauerhaftes Volumen<br \/>\n\u2022 St\u00e4rkt die Haarfaser, ohne sie zu beschweren<br \/>\n\u2022 Sch\u00fctzt vor Haarbruch<\/p>\n<p>\u2022 F\u00fcr leicht gesch\u00e4digtes und chemisch behandeltes feines Haar<\/p>\n","protected":false},"excerpt":{"rendered":"<p>W\u00f6chentliche Intensivpflege f\u00fcr mehr Volumen und Ausgeglichenheit. Die Haarstruktur wird von innen heraus gest\u00e4rkt.<\/p>\n","protected":false},"featured_media":3207,"template":"","meta":[],"product_cat":[54],"product_tag":[],"_links":{"self":[{"href":"https:\/\/www.h-werk.ch\/buchs\/wp-json\/wp\/v2\/product\/3206"}],"collection":[{"href":"https:\/\/www.h-werk.ch\/buchs\/wp-json\/wp\/v2\/product"}],"about":[{"href":"https:\/\/www.h-werk.ch\/buchs\/wp-json\/wp\/v2\/types\/product"}],"wp:featuredmedia":[{"embeddable":true,"href":"https:\/\/www.h-werk.ch\/buchs\/wp-json\/wp\/v2\/media\/3207"}],"wp:attachment":[{"href":"https:\/\/www.h-werk.ch\/buchs\/wp-json\/wp\/v2\/media?parent=3206"}],"wp:term":[{"taxonomy":"product_cat","embeddable":true,"href":"https:\/\/www.h-werk.ch\/buchs\/wp-json\/wp\/v2\/product_cat?post=3206"},{"taxonomy":"product_tag","embeddable":true,"href":"https:\/\/www.h-werk.ch\/buchs\/wp-json\/wp\/v2\/product_tag?post=3206"}],"curies":[{"name":"wp","href":"https:\/\/api.w.org\/{rel}","templated":true}]}}