{"id":3701,"date":"2022-05-20T19:39:38","date_gmt":"2022-05-20T17:39:38","guid":{"rendered":"https:\/\/kundenvorschau.mw-it.at\/?post_type=product&#038;p=3701"},"modified":"2022-07-17T13:34:54","modified_gmt":"2022-07-17T11:34:54","slug":"system-professional-hydrate-conditioner","status":"publish","type":"product","link":"https:\/\/www.h-werk.ch\/buchs\/product\/system-professional-hydrate-conditioner\/","title":{"rendered":"System Professional &#8211; Hydrate Conditioner"},"content":{"rendered":"<h1>System Professional &#8211; Hydrate Conditioner<\/h1>\n<p>\u2022 Reduziert Frizz und verbessert die K\u00e4mmbarkeit bei widerspenstigem Haar<br \/>\n\u2022 Sorgt f\u00fcr sp\u00fcrbar geschmeidiges, seidiges Haar, das sich leicht stylen l\u00e4sst<br \/>\n\u2022 Bringt das Haar ins Gleichgewicht, ohn die besten Inhaltsstoffe zu beeintr\u00e4chtigen<\/p>\n<p>\u2022 F\u00fcr alle Haartexturen, ohne das Haar zu beschweren.&#8220;<\/p>\n","protected":false},"excerpt":{"rendered":"<p>T\u00e4gliche, verj\u00fcngende Cremepflege, die Feuchtigkeit spendet und zugleich weiteres Austrocknen verhindert.<\/p>\n","protected":false},"featured_media":3702,"template":"","meta":[],"product_cat":[56],"product_tag":[],"_links":{"self":[{"href":"https:\/\/www.h-werk.ch\/buchs\/wp-json\/wp\/v2\/product\/3701"}],"collection":[{"href":"https:\/\/www.h-werk.ch\/buchs\/wp-json\/wp\/v2\/product"}],"about":[{"href":"https:\/\/www.h-werk.ch\/buchs\/wp-json\/wp\/v2\/types\/product"}],"wp:featuredmedia":[{"embeddable":true,"href":"https:\/\/www.h-werk.ch\/buchs\/wp-json\/wp\/v2\/media\/3702"}],"wp:attachment":[{"href":"https:\/\/www.h-werk.ch\/buchs\/wp-json\/wp\/v2\/media?parent=3701"}],"wp:term":[{"taxonomy":"product_cat","embeddable":true,"href":"https:\/\/www.h-werk.ch\/buchs\/wp-json\/wp\/v2\/product_cat?post=3701"},{"taxonomy":"product_tag","embeddable":true,"href":"https:\/\/www.h-werk.ch\/buchs\/wp-json\/wp\/v2\/product_tag?post=3701"}],"curies":[{"name":"wp","href":"https:\/\/api.w.org\/{rel}","templated":true}]}}