{"id":3708,"date":"2022-05-20T19:58:36","date_gmt":"2022-05-20T17:58:36","guid":{"rendered":"https:\/\/kundenvorschau.mw-it.at\/?post_type=product&#038;p=3708"},"modified":"2022-07-17T13:37:15","modified_gmt":"2022-07-17T11:37:15","slug":"wella-hydrate-mask","status":"publish","type":"product","link":"https:\/\/www.h-werk.ch\/buchs\/product\/wella-hydrate-mask\/","title":{"rendered":"System Professional &#8211; Hydrate Mask"},"content":{"rendered":"<h1>System Professional &#8211; Hydrate Mask<\/h1>\n<p>\u2022 Verwandelt spr\u00f6des und trockenes in wunderbar seidiges Haar<\/p>\n<p>\u2022 F\u00fcr nat\u00fcrliches, spr\u00f6des, trockenes und schwer k\u00e4mmbares Haar<br \/>\n\u2022 H\u00f6chste aktive Feuchtigkeitsdepot-Rezeptur der Hydrate Linie&#8220;<\/p>\n","protected":false},"excerpt":{"rendered":"<p>Tiefenwirksame Versorgung mit Feuchtigkeit und Wiederauff\u00fcllung des Feuchtigkeitsverlusts f\u00fcr lang anhaltende Geschmeidigkeit.<\/p>\n","protected":false},"featured_media":3709,"template":"","meta":[],"product_cat":[56],"product_tag":[],"_links":{"self":[{"href":"https:\/\/www.h-werk.ch\/buchs\/wp-json\/wp\/v2\/product\/3708"}],"collection":[{"href":"https:\/\/www.h-werk.ch\/buchs\/wp-json\/wp\/v2\/product"}],"about":[{"href":"https:\/\/www.h-werk.ch\/buchs\/wp-json\/wp\/v2\/types\/product"}],"wp:featuredmedia":[{"embeddable":true,"href":"https:\/\/www.h-werk.ch\/buchs\/wp-json\/wp\/v2\/media\/3709"}],"wp:attachment":[{"href":"https:\/\/www.h-werk.ch\/buchs\/wp-json\/wp\/v2\/media?parent=3708"}],"wp:term":[{"taxonomy":"product_cat","embeddable":true,"href":"https:\/\/www.h-werk.ch\/buchs\/wp-json\/wp\/v2\/product_cat?post=3708"},{"taxonomy":"product_tag","embeddable":true,"href":"https:\/\/www.h-werk.ch\/buchs\/wp-json\/wp\/v2\/product_tag?post=3708"}],"curies":[{"name":"wp","href":"https:\/\/api.w.org\/{rel}","templated":true}]}}