{"id":3717,"date":"2022-05-21T15:20:25","date_gmt":"2022-05-21T13:20:25","guid":{"rendered":"https:\/\/kundenvorschau.mw-it.at\/?post_type=product&#038;p=3717"},"modified":"2022-07-17T18:11:05","modified_gmt":"2022-07-17T16:11:05","slug":"system-professional-smoothen-shampoo","status":"publish","type":"product","link":"https:\/\/www.h-werk.ch\/buchs\/product\/system-professional-smoothen-shampoo\/","title":{"rendered":"System Professional &#8211; Smoothen Shampoo"},"content":{"rendered":"<h1>System Professional &#8211; Smoothen Shampoo<\/h1>\n<p>\u2022 Sofortige K\u00e4mmbarkeit und n\u00e4hrende Pflege f\u00fcr Haar, das entwirrt werden muss<\/p>\n<p>\u2022 Geeignet f\u00fcr gesch\u00e4digtes, br\u00fcchiges, chemisch behandeltes und strapaziertes Haar<br \/>\n\u2022 Ber\u00fccksichtigt die Anf\u00e4lligkeit von gesch\u00e4digtem Haar&#8220;<\/p>\n","protected":false},"excerpt":{"rendered":"<p>T\u00e4gliche sanfte Reinigung und Kr\u00e4ftigung, die empfindliches und gesch\u00e4digtes Haar geschmeidig macht.<\/p>\n","protected":false},"featured_media":5077,"template":"","meta":[],"product_cat":[57],"product_tag":[],"_links":{"self":[{"href":"https:\/\/www.h-werk.ch\/buchs\/wp-json\/wp\/v2\/product\/3717"}],"collection":[{"href":"https:\/\/www.h-werk.ch\/buchs\/wp-json\/wp\/v2\/product"}],"about":[{"href":"https:\/\/www.h-werk.ch\/buchs\/wp-json\/wp\/v2\/types\/product"}],"wp:featuredmedia":[{"embeddable":true,"href":"https:\/\/www.h-werk.ch\/buchs\/wp-json\/wp\/v2\/media\/5077"}],"wp:attachment":[{"href":"https:\/\/www.h-werk.ch\/buchs\/wp-json\/wp\/v2\/media?parent=3717"}],"wp:term":[{"taxonomy":"product_cat","embeddable":true,"href":"https:\/\/www.h-werk.ch\/buchs\/wp-json\/wp\/v2\/product_cat?post=3717"},{"taxonomy":"product_tag","embeddable":true,"href":"https:\/\/www.h-werk.ch\/buchs\/wp-json\/wp\/v2\/product_tag?post=3717"}],"curies":[{"name":"wp","href":"https:\/\/api.w.org\/{rel}","templated":true}]}}