{"id":3721,"date":"2022-05-21T15:36:06","date_gmt":"2022-05-21T13:36:06","guid":{"rendered":"https:\/\/kundenvorschau.mw-it.at\/?post_type=product&#038;p=3721"},"modified":"2022-07-17T18:06:04","modified_gmt":"2022-07-17T16:06:04","slug":"system-professional-smoothen-conditioner","status":"publish","type":"product","link":"https:\/\/www.h-werk.ch\/buchs\/product\/system-professional-smoothen-conditioner\/","title":{"rendered":"System Professional &#8211; Smoothen Conditioner"},"content":{"rendered":"<h1>System Professional &#8211; Smoothen Conditioner<\/h1>\n<p>\u2022 B\u00e4ndigt krauses und unter Feuchtigkeit leidendes Haar<br \/>\n\u2022 Beruhigt die Haarstruktur<br \/>\n\u2022 Sorgt f\u00fcr leichtere K\u00e4mmbarkeit<\/p>\n<p>Rezeptur-Highlights:<br \/>\n\u2022 F\u00fcr widerspenstiges, kr\u00e4ftiges, lockiges oder schwer zu b\u00e4ndigendes Haar<\/p>\n","protected":false},"excerpt":{"rendered":"<p>T\u00e4gliche Entwirrung, tiefenwirksame Pflege und Beseitigung von Frizz f\u00fcr ein geschmeidiges und samtweiches Haargef\u00fchl.<\/p>\n","protected":false},"featured_media":5075,"template":"","meta":[],"product_cat":[57],"product_tag":[],"_links":{"self":[{"href":"https:\/\/www.h-werk.ch\/buchs\/wp-json\/wp\/v2\/product\/3721"}],"collection":[{"href":"https:\/\/www.h-werk.ch\/buchs\/wp-json\/wp\/v2\/product"}],"about":[{"href":"https:\/\/www.h-werk.ch\/buchs\/wp-json\/wp\/v2\/types\/product"}],"wp:featuredmedia":[{"embeddable":true,"href":"https:\/\/www.h-werk.ch\/buchs\/wp-json\/wp\/v2\/media\/5075"}],"wp:attachment":[{"href":"https:\/\/www.h-werk.ch\/buchs\/wp-json\/wp\/v2\/media?parent=3721"}],"wp:term":[{"taxonomy":"product_cat","embeddable":true,"href":"https:\/\/www.h-werk.ch\/buchs\/wp-json\/wp\/v2\/product_cat?post=3721"},{"taxonomy":"product_tag","embeddable":true,"href":"https:\/\/www.h-werk.ch\/buchs\/wp-json\/wp\/v2\/product_tag?post=3721"}],"curies":[{"name":"wp","href":"https:\/\/api.w.org\/{rel}","templated":true}]}}