{"id":3753,"date":"2022-05-22T15:42:46","date_gmt":"2022-05-22T13:42:46","guid":{"rendered":"https:\/\/kundenvorschau.mw-it.at\/?post_type=product&#038;p=3753"},"modified":"2022-07-17T19:13:13","modified_gmt":"2022-07-17T17:13:13","slug":"system-professional-extra-elastic-force","status":"publish","type":"product","link":"https:\/\/www.h-werk.ch\/buchs\/product\/system-professional-extra-elastic-force\/","title":{"rendered":"System Professional &#8211; Extra Elastic Force"},"content":{"rendered":"<h1>System Professional- Extra Elastic Force<\/h1>\n<p>Pflegevorteile:<br \/>\n\u2022 Verbesserte Elastizit\u00e4t und Kraft<br \/>\n\u2022 Sofortige Geschmeidigkeit<\/p>\n<p>Rezepturhighlights:<br \/>\n\u2022 F\u00fcr alle Haartypen<br \/>\n\u2022 Ultraleichtes, schnell wirkendes Spray, das schnell und intensiv ins Haar eindringt.<\/p>\n","protected":false},"excerpt":{"rendered":"<p>\nEinzigartige Finish-Behandlung, die sofort die Elastizit\u00e4t verbessert und so f\u00fcr mehr Sprungkraft und leichtere Formbarkeit beim F\u00f6hnen sorgt.<\/p>\n","protected":false},"featured_media":5090,"template":"","meta":[],"product_cat":[59],"product_tag":[],"_links":{"self":[{"href":"https:\/\/www.h-werk.ch\/buchs\/wp-json\/wp\/v2\/product\/3753"}],"collection":[{"href":"https:\/\/www.h-werk.ch\/buchs\/wp-json\/wp\/v2\/product"}],"about":[{"href":"https:\/\/www.h-werk.ch\/buchs\/wp-json\/wp\/v2\/types\/product"}],"wp:featuredmedia":[{"embeddable":true,"href":"https:\/\/www.h-werk.ch\/buchs\/wp-json\/wp\/v2\/media\/5090"}],"wp:attachment":[{"href":"https:\/\/www.h-werk.ch\/buchs\/wp-json\/wp\/v2\/media?parent=3753"}],"wp:term":[{"taxonomy":"product_cat","embeddable":true,"href":"https:\/\/www.h-werk.ch\/buchs\/wp-json\/wp\/v2\/product_cat?post=3753"},{"taxonomy":"product_tag","embeddable":true,"href":"https:\/\/www.h-werk.ch\/buchs\/wp-json\/wp\/v2\/product_tag?post=3753"}],"curies":[{"name":"wp","href":"https:\/\/api.w.org\/{rel}","templated":true}]}}