{"id":3759,"date":"2022-05-22T17:26:27","date_gmt":"2022-05-22T15:26:27","guid":{"rendered":"https:\/\/kundenvorschau.mw-it.at\/?post_type=product&#038;p=3759"},"modified":"2022-07-17T10:53:48","modified_gmt":"2022-07-17T08:53:48","slug":"wella-inessence-shampoo","status":"publish","type":"product","link":"https:\/\/www.h-werk.ch\/buchs\/product\/wella-inessence-shampoo\/","title":{"rendered":"System Professional &#8211; Inessence Shampoo"},"content":{"rendered":"<h1>System Professional &#8211; Inessence Shampoo<\/h1>\n<p>Pflegevorteile:<br \/>\n\u2022 F\u00fcr ein seidiges und geschmeidiges Haargef\u00fchl<br \/>\n\u2022 T\u00e4glicher Schutz bei kr\u00e4ftigem, br\u00fcchigem, widerspenstigem und krausem Haar<\/p>\n<p>Rezeptur-Highlights:<\/p>\n<p>\u2022 F\u00fcr alle Haartypen<br \/>\n\u2022 92 % der Inhaltsstoffe sind nat\u00fcrlichen Ursprungs*<\/p>\n<p>* Der Gehalt an Inhaltsstoffen nat\u00fcrlichen Ursprungs wurde gem\u00e4\u00df ISO16128 berechnet. Die verbleibenden 8 % sind haupts\u00e4chlich Stabilisatoren und Duftstoffe.&#8220;<\/p>\n","protected":false},"excerpt":{"rendered":"<p> Von der Natur inspirierte Reinigung, die Geschmeidigkeit und leichte Feuchtigkeit verleiht und zugleich Frizz beseitigt<\/p>\n","protected":false},"featured_media":3760,"template":"","meta":[],"product_cat":[58],"product_tag":[],"_links":{"self":[{"href":"https:\/\/www.h-werk.ch\/buchs\/wp-json\/wp\/v2\/product\/3759"}],"collection":[{"href":"https:\/\/www.h-werk.ch\/buchs\/wp-json\/wp\/v2\/product"}],"about":[{"href":"https:\/\/www.h-werk.ch\/buchs\/wp-json\/wp\/v2\/types\/product"}],"wp:featuredmedia":[{"embeddable":true,"href":"https:\/\/www.h-werk.ch\/buchs\/wp-json\/wp\/v2\/media\/3760"}],"wp:attachment":[{"href":"https:\/\/www.h-werk.ch\/buchs\/wp-json\/wp\/v2\/media?parent=3759"}],"wp:term":[{"taxonomy":"product_cat","embeddable":true,"href":"https:\/\/www.h-werk.ch\/buchs\/wp-json\/wp\/v2\/product_cat?post=3759"},{"taxonomy":"product_tag","embeddable":true,"href":"https:\/\/www.h-werk.ch\/buchs\/wp-json\/wp\/v2\/product_tag?post=3759"}],"curies":[{"name":"wp","href":"https:\/\/api.w.org\/{rel}","templated":true}]}}