{"id":3768,"date":"2022-05-31T12:50:58","date_gmt":"2022-05-31T10:50:58","guid":{"rendered":"https:\/\/kundenvorschau.mw-it.at\/?post_type=product&#038;p=3768"},"modified":"2022-07-17T19:31:23","modified_gmt":"2022-07-17T17:31:23","slug":"system-professional-styling-amplifying-foam","status":"publish","type":"product","link":"https:\/\/www.h-werk.ch\/buchs\/product\/system-professional-styling-amplifying-foam\/","title":{"rendered":"System Professional &#8211; Styling Amplifying Foam"},"content":{"rendered":"<h1> System Professional &#8211; Styling Amplifying Foam<\/h1>\n<p>Pflegevorteile:<br \/>\n\u2022 Verhindert, dass die Haarfaser beim Styling rei\u00dft<\/p>\n<p>Rezeptur-Highlights:<br \/>\n\u2022 F\u00fcr feines bis normales Haar und f\u00fcr alle, die sich mehr nat\u00fcrlich aussehendes Volumen und F\u00fclle w\u00fcnschen<br \/>\n\u2022 Alkoholfreie, nicht klebende Rezeptur<br \/>\n\u2022 Pflegendes Styling f\u00fcr Ergebnisse in Salonqualit\u00e4t<\/p>\n","protected":false},"excerpt":{"rendered":"<p>Langanhaltender Halt, Volumen und Hitzeschutz w\u00e4hrend des Stylings.<\/p>\n","protected":false},"featured_media":3769,"template":"","meta":[],"product_cat":[60],"product_tag":[],"_links":{"self":[{"href":"https:\/\/www.h-werk.ch\/buchs\/wp-json\/wp\/v2\/product\/3768"}],"collection":[{"href":"https:\/\/www.h-werk.ch\/buchs\/wp-json\/wp\/v2\/product"}],"about":[{"href":"https:\/\/www.h-werk.ch\/buchs\/wp-json\/wp\/v2\/types\/product"}],"wp:featuredmedia":[{"embeddable":true,"href":"https:\/\/www.h-werk.ch\/buchs\/wp-json\/wp\/v2\/media\/3769"}],"wp:attachment":[{"href":"https:\/\/www.h-werk.ch\/buchs\/wp-json\/wp\/v2\/media?parent=3768"}],"wp:term":[{"taxonomy":"product_cat","embeddable":true,"href":"https:\/\/www.h-werk.ch\/buchs\/wp-json\/wp\/v2\/product_cat?post=3768"},{"taxonomy":"product_tag","embeddable":true,"href":"https:\/\/www.h-werk.ch\/buchs\/wp-json\/wp\/v2\/product_tag?post=3768"}],"curies":[{"name":"wp","href":"https:\/\/api.w.org\/{rel}","templated":true}]}}