{"id":3772,"date":"2022-05-31T13:16:22","date_gmt":"2022-05-31T11:16:22","guid":{"rendered":"https:\/\/kundenvorschau.mw-it.at\/?post_type=product&#038;p=3772"},"modified":"2022-07-17T19:25:30","modified_gmt":"2022-07-17T17:25:30","slug":"system-professional-styling-aerohold","status":"publish","type":"product","link":"https:\/\/www.h-werk.ch\/buchs\/product\/system-professional-styling-aerohold\/","title":{"rendered":"System Professional &#8211; Styling Aerohold"},"content":{"rendered":"<h1>System Professional &#8211; Styling Aerohold<\/h1>\n<p>Pflegevorteile:<br \/>\n\u2022 F\u00fcr mehr Volumen und l\u00e4ngeren Halt<br \/>\n\u2022 Baut St\u00e4rke auf, wenn das Haar trocknet<br \/>\n\u2022 Bietet nachhaltigen Pflegeschutz gegen Hitze- und mechanisches Styling<\/p>\n<p>Rezeptur-Highlights:<br \/>\n\u2022 F\u00fcr alle Haartypen<br \/>\n\u2022 Die aktiven Strukturgeber sind in eine pflegende Fl\u00fcssigkeit eingebettet, die ihre volle Kraft nach Abschluss des F\u00f6hnens entfalten<br \/>\n\u2022 Pflegendes Styling f\u00fcr Ergebnisse in Salonqualit\u00e4t&#8220;<\/p>\n","protected":false},"excerpt":{"rendered":"<p>Luxuri\u00f6ser Schaum, der eine sch\u00fctzende Grundlage, K\u00f6rper und Struktur f\u00fcr einen dauerhaften, formbaren Style bietet.<\/p>\n","protected":false},"featured_media":3775,"template":"","meta":[],"product_cat":[60],"product_tag":[],"_links":{"self":[{"href":"https:\/\/www.h-werk.ch\/buchs\/wp-json\/wp\/v2\/product\/3772"}],"collection":[{"href":"https:\/\/www.h-werk.ch\/buchs\/wp-json\/wp\/v2\/product"}],"about":[{"href":"https:\/\/www.h-werk.ch\/buchs\/wp-json\/wp\/v2\/types\/product"}],"wp:featuredmedia":[{"embeddable":true,"href":"https:\/\/www.h-werk.ch\/buchs\/wp-json\/wp\/v2\/media\/3775"}],"wp:attachment":[{"href":"https:\/\/www.h-werk.ch\/buchs\/wp-json\/wp\/v2\/media?parent=3772"}],"wp:term":[{"taxonomy":"product_cat","embeddable":true,"href":"https:\/\/www.h-werk.ch\/buchs\/wp-json\/wp\/v2\/product_cat?post=3772"},{"taxonomy":"product_tag","embeddable":true,"href":"https:\/\/www.h-werk.ch\/buchs\/wp-json\/wp\/v2\/product_tag?post=3772"}],"curies":[{"name":"wp","href":"https:\/\/api.w.org\/{rel}","templated":true}]}}