{"id":3780,"date":"2022-05-31T17:08:24","date_gmt":"2022-05-31T15:08:24","guid":{"rendered":"https:\/\/kundenvorschau.mw-it.at\/?post_type=product&#038;p=3780"},"modified":"2022-07-17T19:29:06","modified_gmt":"2022-07-17T17:29:06","slug":"wella-styling-curl-definer","status":"publish","type":"product","link":"https:\/\/www.h-werk.ch\/buchs\/product\/wella-styling-curl-definer\/","title":{"rendered":"System Professional &#8211; Styling Curl Definer"},"content":{"rendered":"<h1>System Professional &#8211; Styling Curl Definer<\/h1>\n<p>Locken-definierendes Styling f\u00fcr unglaubliche Definition und Sprungkraft.<\/p>\n<p>Pflegevorteile:<br \/>\n\u2022 B\u00e4ndigt und b\u00fcndelt Locken, gegen fliegende Haare<br \/>\n\u2022 Verhindert statische Aufladung<\/p>\n<p>Rezepturhighlights:<br \/>\n\u2022 F\u00fcr lockiges und\/oder krauses Haar<br \/>\n\u2022 Pflegendes Styling f\u00fcr Ergebnisse in Salonqualit\u00e4t, die ganz nat\u00fcrlich aussehen<\/p>\n","protected":false},"excerpt":{"rendered":"<p>Locken-definierendes Styling f\u00fcr unglaubliche Definition und Sprungkraft.<\/p>\n","protected":false},"featured_media":3781,"template":"","meta":[],"product_cat":[60],"product_tag":[],"_links":{"self":[{"href":"https:\/\/www.h-werk.ch\/buchs\/wp-json\/wp\/v2\/product\/3780"}],"collection":[{"href":"https:\/\/www.h-werk.ch\/buchs\/wp-json\/wp\/v2\/product"}],"about":[{"href":"https:\/\/www.h-werk.ch\/buchs\/wp-json\/wp\/v2\/types\/product"}],"wp:featuredmedia":[{"embeddable":true,"href":"https:\/\/www.h-werk.ch\/buchs\/wp-json\/wp\/v2\/media\/3781"}],"wp:attachment":[{"href":"https:\/\/www.h-werk.ch\/buchs\/wp-json\/wp\/v2\/media?parent=3780"}],"wp:term":[{"taxonomy":"product_cat","embeddable":true,"href":"https:\/\/www.h-werk.ch\/buchs\/wp-json\/wp\/v2\/product_cat?post=3780"},{"taxonomy":"product_tag","embeddable":true,"href":"https:\/\/www.h-werk.ch\/buchs\/wp-json\/wp\/v2\/product_tag?post=3780"}],"curies":[{"name":"wp","href":"https:\/\/api.w.org\/{rel}","templated":true}]}}