{"id":3784,"date":"2022-05-31T17:26:02","date_gmt":"2022-05-31T15:26:02","guid":{"rendered":"https:\/\/kundenvorschau.mw-it.at\/?post_type=product&#038;p=3784"},"modified":"2022-07-17T19:27:26","modified_gmt":"2022-07-17T17:27:26","slug":"system-professional-styling-instant-reset","status":"publish","type":"product","link":"https:\/\/www.h-werk.ch\/buchs\/product\/system-professional-styling-instant-reset\/","title":{"rendered":"System Professional &#8211; Styling Instant Reset"},"content":{"rendered":"<h1>System Professional &#8211; Styling Instant Reset<\/h1>\n<p>Pflegevorteile:<br \/>\n\u2022 Absorbiert sofort Fette<br \/>\n\u2022 Sorgt f\u00fcr ein frisches und luftiges Haargef\u00fchl<\/p>\n<p>Rezepturhighlights:<br \/>\n\u2022 F\u00fcr alle Haartypen, auch f\u00fcr fettiges Haar<br \/>\n\u2022 Ultra-feines, schwereloses Pulverspray<br \/>\n\u2022 Ideal f\u00fcr unterwegs<br \/>\n\u2022 Pflegendes Styling f\u00fcr Ergebnisse in Salonqualit\u00e4t, die ganz nat\u00fcrlich aussehen<\/p>\n","protected":false},"excerpt":{"rendered":"<p>Revitalisierendes Trockenshampoo f\u00fcr eine transformative Belebung des Haares mit nat\u00fcrlicher Sprungkraft am zweiten Tag nach der Haarw\u00e4sche<\/p>\n","protected":false},"featured_media":3785,"template":"","meta":[],"product_cat":[60],"product_tag":[],"_links":{"self":[{"href":"https:\/\/www.h-werk.ch\/buchs\/wp-json\/wp\/v2\/product\/3784"}],"collection":[{"href":"https:\/\/www.h-werk.ch\/buchs\/wp-json\/wp\/v2\/product"}],"about":[{"href":"https:\/\/www.h-werk.ch\/buchs\/wp-json\/wp\/v2\/types\/product"}],"wp:featuredmedia":[{"embeddable":true,"href":"https:\/\/www.h-werk.ch\/buchs\/wp-json\/wp\/v2\/media\/3785"}],"wp:attachment":[{"href":"https:\/\/www.h-werk.ch\/buchs\/wp-json\/wp\/v2\/media?parent=3784"}],"wp:term":[{"taxonomy":"product_cat","embeddable":true,"href":"https:\/\/www.h-werk.ch\/buchs\/wp-json\/wp\/v2\/product_cat?post=3784"},{"taxonomy":"product_tag","embeddable":true,"href":"https:\/\/www.h-werk.ch\/buchs\/wp-json\/wp\/v2\/product_tag?post=3784"}],"curies":[{"name":"wp","href":"https:\/\/api.w.org\/{rel}","templated":true}]}}