{"id":4307,"date":"2022-06-12T15:52:58","date_gmt":"2022-06-12T13:52:58","guid":{"rendered":"https:\/\/kundenvorschau.mw-it.at\/?post_type=product&#038;p=4307"},"modified":"2022-06-12T16:25:40","modified_gmt":"2022-06-12T14:25:40","slug":"ghd-max-styler","status":"publish","type":"product","link":"https:\/\/www.h-werk.ch\/buchs\/product\/ghd-max-styler\/","title":{"rendered":"ghd Max Styler"},"content":{"rendered":"<h1>ghd Max Styler<\/h1>\n<p>Professionelles Gl\u00e4tteisen mit Dual-Zone Technologie f\u00fcr vielseitige Styles f\u00fcr perfekte Ergebnisse!<br \/>\nMit einer optimalen Stylingtemperatur von 185\u00b0C, minimiert der Max Styler Haarsch\u00e4den und Haarbruch.<br \/>\nMit 70% breiteren Stylingplatten ist er perfekt f\u00fcr das Stylen von langem, dicken oder lockigem Haar in der halben Zeit.<br \/>\nGeschmeidige, konturierte, leicht gleitende Platten f\u00fcr schnelles, knickfreies Styling und gl\u00e4nzende Ergebnisse.<\/p>\n<p>Weitere Features: EU Stecker, nur 30 Sekunden Aufheizzeit, automatischer Schlafmodus nach 30 Minuten bei nicht Verwendung,<br \/>\n2 Jahre Herstellergarantie, 2,7m langes, drehbares Kabel.<\/p>\n","protected":false},"excerpt":{"rendered":"<p>ghd Max Styler<\/p>\n","protected":false},"featured_media":4308,"template":"","meta":[],"product_cat":[64],"product_tag":[],"_links":{"self":[{"href":"https:\/\/www.h-werk.ch\/buchs\/wp-json\/wp\/v2\/product\/4307"}],"collection":[{"href":"https:\/\/www.h-werk.ch\/buchs\/wp-json\/wp\/v2\/product"}],"about":[{"href":"https:\/\/www.h-werk.ch\/buchs\/wp-json\/wp\/v2\/types\/product"}],"wp:featuredmedia":[{"embeddable":true,"href":"https:\/\/www.h-werk.ch\/buchs\/wp-json\/wp\/v2\/media\/4308"}],"wp:attachment":[{"href":"https:\/\/www.h-werk.ch\/buchs\/wp-json\/wp\/v2\/media?parent=4307"}],"wp:term":[{"taxonomy":"product_cat","embeddable":true,"href":"https:\/\/www.h-werk.ch\/buchs\/wp-json\/wp\/v2\/product_cat?post=4307"},{"taxonomy":"product_tag","embeddable":true,"href":"https:\/\/www.h-werk.ch\/buchs\/wp-json\/wp\/v2\/product_tag?post=4307"}],"curies":[{"name":"wp","href":"https:\/\/api.w.org\/{rel}","templated":true}]}}