{"id":4312,"date":"2022-06-12T16:10:27","date_gmt":"2022-06-12T14:10:27","guid":{"rendered":"https:\/\/kundenvorschau.mw-it.at\/?post_type=product&#038;p=4312"},"modified":"2022-10-20T10:05:30","modified_gmt":"2022-10-20T08:05:30","slug":"ghd-platinium-styler","status":"publish","type":"product","link":"https:\/\/www.h-werk.ch\/buchs\/product\/ghd-platinium-styler\/","title":{"rendered":"ghd Platinium Styler"},"content":{"rendered":"<h1>ghd Platinium Styler<\/h1>\n<p>das erste smarte, professionelle Gl\u00e4tteisen von ghd, das die Bed\u00fcrfnisse Deines Haares erkennt. F\u00fcr ultimative Ergebnisse, st\u00e4rkeres und ges\u00fcnder aussehendes Haar!<br \/>\nEinzigartige Ultra-Zone Technologie mit vorausschauender Technologie \u00fcberpr\u00fcft 250x pro Sekunde die Styling-Temperatur, um die perfekte Temperatur zu jeder Zeit gew\u00e4hrleisten zu k\u00f6nnen.<br \/>\nSchonendes Styling: Optimale Styling-Temperatur von 185\u00b0C minimiert Haarsch\u00e4den, f\u00fcr 70 Prozent st\u00e4rkeres Haar und 2x mehr Farbbest\u00e4ndigkeit.<br \/>\nPr\u00e4zise gewalzte Platten mit Hochglanzfinish f\u00fcr m\u00fcheloses Styling und 20 Prozent mehr Glanz.<br \/>\nghd Platinium Styler ist mehr als nur ein Gl\u00e4tteisen: das einzigartige Design erm\u00f6glicht das Kreieren von glatten Looks, Locken und Beach Waves.<\/p>\n","protected":false},"excerpt":{"rendered":"<p>ghd Platinium Styler. Das erste smarte, professionelle Gl\u00e4tteisen, das die Bed\u00fcrfnisse Deines Haares erkennt. F\u00fcr ultimative Ergebnisse, st\u00e4rkeres und ges\u00fcnder aussehendes Haar!<\/p>\n","protected":false},"featured_media":4313,"template":"","meta":[],"product_cat":[64],"product_tag":[],"_links":{"self":[{"href":"https:\/\/www.h-werk.ch\/buchs\/wp-json\/wp\/v2\/product\/4312"}],"collection":[{"href":"https:\/\/www.h-werk.ch\/buchs\/wp-json\/wp\/v2\/product"}],"about":[{"href":"https:\/\/www.h-werk.ch\/buchs\/wp-json\/wp\/v2\/types\/product"}],"wp:featuredmedia":[{"embeddable":true,"href":"https:\/\/www.h-werk.ch\/buchs\/wp-json\/wp\/v2\/media\/4313"}],"wp:attachment":[{"href":"https:\/\/www.h-werk.ch\/buchs\/wp-json\/wp\/v2\/media?parent=4312"}],"wp:term":[{"taxonomy":"product_cat","embeddable":true,"href":"https:\/\/www.h-werk.ch\/buchs\/wp-json\/wp\/v2\/product_cat?post=4312"},{"taxonomy":"product_tag","embeddable":true,"href":"https:\/\/www.h-werk.ch\/buchs\/wp-json\/wp\/v2\/product_tag?post=4312"}],"curies":[{"name":"wp","href":"https:\/\/api.w.org\/{rel}","templated":true}]}}