{"id":4317,"date":"2022-06-12T16:47:29","date_gmt":"2022-06-12T14:47:29","guid":{"rendered":"https:\/\/kundenvorschau.mw-it.at\/?post_type=product&#038;p=4317"},"modified":"2022-06-12T16:54:03","modified_gmt":"2022-06-12T14:54:03","slug":"ghd-air-hairdreyer","status":"publish","type":"product","link":"https:\/\/www.h-werk.ch\/buchs\/product\/ghd-air-hairdreyer\/","title":{"rendered":"ghd Air Hairdreyer"},"content":{"rendered":"<h1>ghd Air Hairdreyer<\/h1>\n<p>Der ghd Haartrockner hat einen exklusiven, professionellen 2100-W-Wechselstrommotors und einen leistungsstarken Luftfilter, der f\u00fcr einen intensiven Luftstrom sorgt. Das erm\u00f6glicht Ihnen eine doppelt so schnelle Trocknung.<\/p>\n<p>Dank seiner fortschrittlichen Ionentechnologie hilft es, krauses Haar zu reduzieren. Es h\u00e4lt die nat\u00fcrliche Fl\u00fcssigkeitszufuhr der Haarfaser intakt.<\/p>\n<p>Es verf\u00fcgt \u00fcber eine variable Geschwindigkeits- und Temperaturregelung sowie einen Kaltluftknopf.<\/p>\n<p>Diese Edition verf\u00fcgt \u00fcber ein exklusives ergonomisches Design, das sowohl f\u00fcr Linksh\u00e4nder als auch f\u00fcr Rechtsh\u00e4nder die Verwendung erleichtert.<br \/>\nEs verf\u00fcgt \u00fcber 3 Meter Kabel, die die Verwendung erleichtern und uns eine gr\u00f6\u00dfere Bewegung und Flexibilit\u00e4t w\u00e4hrend des Gebrauchs erm\u00f6glichen.<\/p>\n<p>ghd Air Haartrockner ist sehr vielseitig,  es hilft Ihnen, professionelles Trocknen oder Ultra glatte oder volumin\u00f6se Oberfl\u00e4chen zu erzielen.<br \/>\n2 Jahre Hersteller-Garantie.<\/p>\n","protected":false},"excerpt":{"rendered":"<p>ghd Air Hairdreyer<\/p>\n","protected":false},"featured_media":4318,"template":"","meta":[],"product_cat":[64],"product_tag":[],"_links":{"self":[{"href":"https:\/\/www.h-werk.ch\/buchs\/wp-json\/wp\/v2\/product\/4317"}],"collection":[{"href":"https:\/\/www.h-werk.ch\/buchs\/wp-json\/wp\/v2\/product"}],"about":[{"href":"https:\/\/www.h-werk.ch\/buchs\/wp-json\/wp\/v2\/types\/product"}],"wp:featuredmedia":[{"embeddable":true,"href":"https:\/\/www.h-werk.ch\/buchs\/wp-json\/wp\/v2\/media\/4318"}],"wp:attachment":[{"href":"https:\/\/www.h-werk.ch\/buchs\/wp-json\/wp\/v2\/media?parent=4317"}],"wp:term":[{"taxonomy":"product_cat","embeddable":true,"href":"https:\/\/www.h-werk.ch\/buchs\/wp-json\/wp\/v2\/product_cat?post=4317"},{"taxonomy":"product_tag","embeddable":true,"href":"https:\/\/www.h-werk.ch\/buchs\/wp-json\/wp\/v2\/product_tag?post=4317"}],"curies":[{"name":"wp","href":"https:\/\/api.w.org\/{rel}","templated":true}]}}