{"id":4328,"date":"2022-06-12T17:28:24","date_gmt":"2022-06-12T15:28:24","guid":{"rendered":"https:\/\/kundenvorschau.mw-it.at\/?post_type=product&#038;p=4328"},"modified":"2022-10-20T10:03:53","modified_gmt":"2022-10-20T08:03:53","slug":"ghd-curve-classic-wave-wand","status":"publish","type":"product","link":"https:\/\/www.h-werk.ch\/buchs\/product\/ghd-curve-classic-wave-wand\/","title":{"rendered":"ghd Curve Classic Wave Wand"},"content":{"rendered":"<h1>ghd Curve Classic Wave Wand<\/h1>\n<p>F\u00fcr Hollywood Wellen oder eine Undone-Struktur \u2013 der ovale <strong>ghd curve\u00ae classic wave wand Lockenstab<\/strong> hat einen Durchmesser von 38mm x 26mm. Damit kreiert er tiefe, gl\u00e4nzende Wellen und sorgt so f\u00fcr eine glamour\u00f6se Bewegung besonders in l\u00e4ngerem Haar. Die sch\u00fctzende Cool-Tip-Spitze erm\u00f6glicht es Ihnen, das Haar w\u00e4hrend des Lockens zu halten und mit dem eingebauten Sicherheitsst\u00e4nder, k\u00f6nnen Sie den Lockenstab w\u00e4hrend des Stylings sicher ablegen. Andere praktische Eigenschaften sind das professionell lange Kabel, das flexibles Styling erm\u00f6glicht, der automatische Schlafmodus nach 30 Minuten ohne Verwendung und die Universalspannung, damit Du \u00fcberall auf der Welt Deinen Lockenstab f\u00fcr Wellen verwenden kannst.<\/p>\n<p>Jeder ghd Lockenstab verf\u00fcgt \u00fcber die bahnbrechende Ultra-Zone Technologie, die die richtige Stylingtemperatur von 185\u00b0C stets garantiert. Diese wird auf dem gesamten Stab konstant gehalten. Die neueste fortschrittliche Technologie, erkennt die die Dicke Ihrer Haarstr\u00e4hne und passt sich daran an. So wird die korrekte Stylingtemperatur zu jeder Zeit sichergestellt. Sie erhalten Locken, die lange halten und schnell geformt sind, w\u00e4hrend dabei die Gesundheit des Haares respektiert wird.<br \/>\n<strong><br \/>\nAnwendung:<\/strong><br \/>\nTeile das Haar in 2cm breite und tiefe Partien ab. Wickle das Haar flach um den Stab und halte es f\u00fcr 5-8 Sekunden. Alternativ k\u00f6nnen Sie das Haar f\u00fcr eine Undone-Struktur eingedreht um den Stab wickeln.<\/p>\n<p><strong>TIPP:<\/strong><br \/>\nF\u00fcr 24 Stunden Lockenhalt kombinieren Sie den ghd curve classic wave wand Lockenstab mit dem ghd Curl Hold Spray!<\/p>\n","protected":false},"excerpt":{"rendered":"<p>Mit dem<strong> ghd Curve Classic Wave Wand<\/strong> Lockenstab kreierst du im Handumdrehen trendige Looks. Tiefe, glamour\u00f6se Wellen mit langem Halt.<\/p>\n","protected":false},"featured_media":4329,"template":"","meta":[],"product_cat":[64],"product_tag":[],"_links":{"self":[{"href":"https:\/\/www.h-werk.ch\/buchs\/wp-json\/wp\/v2\/product\/4328"}],"collection":[{"href":"https:\/\/www.h-werk.ch\/buchs\/wp-json\/wp\/v2\/product"}],"about":[{"href":"https:\/\/www.h-werk.ch\/buchs\/wp-json\/wp\/v2\/types\/product"}],"wp:featuredmedia":[{"embeddable":true,"href":"https:\/\/www.h-werk.ch\/buchs\/wp-json\/wp\/v2\/media\/4329"}],"wp:attachment":[{"href":"https:\/\/www.h-werk.ch\/buchs\/wp-json\/wp\/v2\/media?parent=4328"}],"wp:term":[{"taxonomy":"product_cat","embeddable":true,"href":"https:\/\/www.h-werk.ch\/buchs\/wp-json\/wp\/v2\/product_cat?post=4328"},{"taxonomy":"product_tag","embeddable":true,"href":"https:\/\/www.h-werk.ch\/buchs\/wp-json\/wp\/v2\/product_tag?post=4328"}],"curies":[{"name":"wp","href":"https:\/\/api.w.org\/{rel}","templated":true}]}}