{"id":4333,"date":"2022-06-12T17:50:00","date_gmt":"2022-06-12T15:50:00","guid":{"rendered":"https:\/\/kundenvorschau.mw-it.at\/?post_type=product&#038;p=4333"},"modified":"2022-10-20T10:29:43","modified_gmt":"2022-10-20T08:29:43","slug":"ghd-bodyguard-heat-protect-spray","status":"publish","type":"product","link":"https:\/\/www.h-werk.ch\/buchs\/product\/ghd-bodyguard-heat-protect-spray\/","title":{"rendered":"ghd Bodyguard &#8211; Heat Protect Spray"},"content":{"rendered":"<h1>ghd Bodyguard &#8211; Heat Protect Spray<\/h1>\n<p>ist der Nr. 1-Bestseller unter den Haasprays!<br \/>\nVon ghd Stylisten und Hitzestyling-Experten entwickelt, verf\u00fcgt er \u00fcber das einzigartige ghd Heat Protection System.<br \/>\nSchaffe perfekte Styles mit professionellen, beheizten Stylingtools und Sie m\u00fcssen sich keine Sorgen um eventuelle Haarsch\u00e4den mehr machen. Es ist der beste Hitzeschutz f\u00fcr Dein Haar!<\/p>\n<p>Der ghd Bodyguard Hitzeschutzspray bedeckt und sch\u00fctzt jede Haarstr\u00e4hne auch bei t\u00e4glichem Hitzestyling. F\u00fcr ges\u00fcnder aussehendes und gepflegtes Haar. Egal ob Sie Locken, Waves oder einen glatten Look kreieren m\u00f6chten, optimieren Sie ihr Hitzestyling mit dem ghd Bodyguard &#8211; Heat Protect Spray.<br \/>\nDank seiner leichten und unsichtbaren Formel, ist er f\u00fcr alle Haartypen geeignet ist.<br \/>\nF\u00fcr garantiert professionelle Ergebnisse verwenden Sie den Hitzeschutzspray am Besten mit dem <strong>ghd Platinum+ Styler.<\/p>\n<div style=\"width: 1080px;\" class=\"wp-video\"><!--[if lt IE 9]><script>document.createElement('video');<\/script><![endif]-->\n<video class=\"wp-video-shortcode\" id=\"video-4333-1\" width=\"1080\" height=\"1920\" preload=\"metadata\" controls=\"controls\"><source type=\"video\/mp4\" src=\"https:\/\/www.h-werk.ch\/buchs\/wp-content\/uploads\/2022\/06\/9029-V01.mp4?_=1\" \/><a href=\"https:\/\/www.h-werk.ch\/buchs\/wp-content\/uploads\/2022\/06\/9029-V01.mp4\">https:\/\/www.h-werk.ch\/buchs\/wp-content\/uploads\/2022\/06\/9029-V01.mp4<\/a><\/video><\/div>\n","protected":false},"excerpt":{"rendered":"<p>ghd Bodyguard &#8211; Heat Protect Spray. Von ghd Stylisten und Hitzestyling-Experten entwickelt, verf\u00fcgt er \u00fcber das einzigartige ghd Heat Protection System.<br \/>\nSchaffe perfekte Styles mit professionellen, beheizten Stylingtools und Sie m\u00fcssen sich keine Sorgen um eventuelle Haarsch\u00e4den mehr machen. Es ist der beste Hitzeschutz f\u00fcr Dein Haar!<\/p>\n","protected":false},"featured_media":4334,"template":"","meta":[],"product_cat":[64],"product_tag":[],"_links":{"self":[{"href":"https:\/\/www.h-werk.ch\/buchs\/wp-json\/wp\/v2\/product\/4333"}],"collection":[{"href":"https:\/\/www.h-werk.ch\/buchs\/wp-json\/wp\/v2\/product"}],"about":[{"href":"https:\/\/www.h-werk.ch\/buchs\/wp-json\/wp\/v2\/types\/product"}],"wp:featuredmedia":[{"embeddable":true,"href":"https:\/\/www.h-werk.ch\/buchs\/wp-json\/wp\/v2\/media\/4334"}],"wp:attachment":[{"href":"https:\/\/www.h-werk.ch\/buchs\/wp-json\/wp\/v2\/media?parent=4333"}],"wp:term":[{"taxonomy":"product_cat","embeddable":true,"href":"https:\/\/www.h-werk.ch\/buchs\/wp-json\/wp\/v2\/product_cat?post=4333"},{"taxonomy":"product_tag","embeddable":true,"href":"https:\/\/www.h-werk.ch\/buchs\/wp-json\/wp\/v2\/product_tag?post=4333"}],"curies":[{"name":"wp","href":"https:\/\/api.w.org\/{rel}","templated":true}]}}