{"id":4356,"date":"2022-06-12T20:32:23","date_gmt":"2022-06-12T18:32:23","guid":{"rendered":"https:\/\/kundenvorschau.mw-it.at\/?post_type=product&#038;p=4356"},"modified":"2022-06-13T11:28:31","modified_gmt":"2022-06-13T09:28:31","slug":"ghd-straight-smooth-spray","status":"publish","type":"product","link":"https:\/\/www.h-werk.ch\/buchs\/product\/ghd-straight-smooth-spray\/","title":{"rendered":"ghd Straight &amp; Smooth Spray"},"content":{"rendered":"<h1>ghd Straight &amp; Smooth Spray<\/h1>\n<p>Maximiere Deine Hitzestyling-Routine f\u00fcr ein super glattes Finish und gesund aussehende Ergebnisse. Das ghd straight on &#8211; straight and smooth spray ist Dein perfekter Begleiter zum Haare gl\u00e4tten.<\/p>\n<p>Er enth\u00e4lt das einzigartige ghd Heat Protection System mit einer Zweifachwirkung aus sch\u00fctzenden Polymeren und pflegenden Wirkstoffen, die die Haaroberfl\u00e4che gl\u00e4tten und vor Sch\u00e4den sch\u00fctzen. Zudem st\u00e4rkt und gl\u00e4ttet. Zudem st\u00e4rkt und gl\u00e4ttet der Spray die Haarfasern f\u00fcr ein professionelles Finish. <\/p>\n<p>Dieses leichte, unsichtbare Haarprodukt gl\u00e4ttet das Haar sofort und sorgt f\u00fcr glattes Haar bis zum n\u00e4chsten Tag. f\u00fcr l\u00e4ngere Frizz-Kontrolle ein unverzichtbares Stylingprodukt f\u00fcr glattes Haar.<br \/>\nF\u00fcr alle Haartypen geeignet<\/p>\n","protected":false},"excerpt":{"rendered":"<p>Dieses leichte, unsichtbare Haarprodukt gl\u00e4ttet das Haar sofort und sorgt f\u00fcr glattes Haar bis zum n\u00e4chsten Tag. f\u00fcr l\u00e4ngere Frizz-Kontrolle ein unverzichtbares Stylingprodukt f\u00fcr glattes Haar.<br \/>\nF\u00fcr alle Haartypen geeignet.<\/p>\n","protected":false},"featured_media":4357,"template":"","meta":[],"product_cat":[64],"product_tag":[],"_links":{"self":[{"href":"https:\/\/www.h-werk.ch\/buchs\/wp-json\/wp\/v2\/product\/4356"}],"collection":[{"href":"https:\/\/www.h-werk.ch\/buchs\/wp-json\/wp\/v2\/product"}],"about":[{"href":"https:\/\/www.h-werk.ch\/buchs\/wp-json\/wp\/v2\/types\/product"}],"wp:featuredmedia":[{"embeddable":true,"href":"https:\/\/www.h-werk.ch\/buchs\/wp-json\/wp\/v2\/media\/4357"}],"wp:attachment":[{"href":"https:\/\/www.h-werk.ch\/buchs\/wp-json\/wp\/v2\/media?parent=4356"}],"wp:term":[{"taxonomy":"product_cat","embeddable":true,"href":"https:\/\/www.h-werk.ch\/buchs\/wp-json\/wp\/v2\/product_cat?post=4356"},{"taxonomy":"product_tag","embeddable":true,"href":"https:\/\/www.h-werk.ch\/buchs\/wp-json\/wp\/v2\/product_tag?post=4356"}],"curies":[{"name":"wp","href":"https:\/\/api.w.org\/{rel}","templated":true}]}}