{"id":4564,"date":"2022-06-14T09:37:43","date_gmt":"2022-06-14T07:37:43","guid":{"rendered":"https:\/\/kundenvorschau.mw-it.at\/?post_type=product&#038;p=4564"},"modified":"2022-07-17T13:40:45","modified_gmt":"2022-07-17T11:40:45","slug":"system-professional-inessence-conditioner","status":"publish","type":"product","link":"https:\/\/www.h-werk.ch\/buchs\/product\/system-professional-inessence-conditioner\/","title":{"rendered":"System Professional &#8211; Inessence Conditioner"},"content":{"rendered":"<h1>System Professional &#8211; Inessence Conditioner<\/h1>\n<p>Pflegevorteile:<br \/>\n\u2022 Sorgt f\u00fcr ein seidiges Gef\u00fchl und leichte Stylebarkeit<br \/>\n\u2022 T\u00e4glicher Schutz bei kr\u00e4ftigem, widerspenstigem und krausem Haar<br \/>\n\u2022 Verbessert die K\u00e4mmbarkeit<\/p>\n<p>Rezeptur-Highlights:<br \/>\n\u2022 F\u00fcr alle Haartypen<br \/>\n\u2022 91 % der Inhaltsstoffe sind nat\u00fcrlichen Ursprungs<br \/>\n\u2022 Mit A\u00e7ai-Beeren-Stammzellenextrakt, gegen Frizz, f\u00fcr mehr Geschmeidigkeit und Gl\u00e4tte bei kr\u00e4ftigem Haar und Schutz vor freien Radikalen und anderen Umweltstressfaktoren<\/p>\n","protected":false},"excerpt":{"rendered":"<p>Von der Natur inspirierter Conditioner zur t\u00e4glichen Anwendung, der trockenes, kr\u00e4ftiges und schwer stylebares Haar weich, seidig und geschmeidig macht.<\/p>\n","protected":false},"featured_media":4565,"template":"","meta":[],"product_cat":[58],"product_tag":[],"_links":{"self":[{"href":"https:\/\/www.h-werk.ch\/buchs\/wp-json\/wp\/v2\/product\/4564"}],"collection":[{"href":"https:\/\/www.h-werk.ch\/buchs\/wp-json\/wp\/v2\/product"}],"about":[{"href":"https:\/\/www.h-werk.ch\/buchs\/wp-json\/wp\/v2\/types\/product"}],"wp:featuredmedia":[{"embeddable":true,"href":"https:\/\/www.h-werk.ch\/buchs\/wp-json\/wp\/v2\/media\/4565"}],"wp:attachment":[{"href":"https:\/\/www.h-werk.ch\/buchs\/wp-json\/wp\/v2\/media?parent=4564"}],"wp:term":[{"taxonomy":"product_cat","embeddable":true,"href":"https:\/\/www.h-werk.ch\/buchs\/wp-json\/wp\/v2\/product_cat?post=4564"},{"taxonomy":"product_tag","embeddable":true,"href":"https:\/\/www.h-werk.ch\/buchs\/wp-json\/wp\/v2\/product_tag?post=4564"}],"curies":[{"name":"wp","href":"https:\/\/api.w.org\/{rel}","templated":true}]}}