{"id":4568,"date":"2022-06-14T09:52:44","date_gmt":"2022-06-14T07:52:44","guid":{"rendered":"https:\/\/kundenvorschau.mw-it.at\/?post_type=product&#038;p=4568"},"modified":"2022-07-17T10:57:26","modified_gmt":"2022-07-17T08:57:26","slug":"system-professional-inessence-mask","status":"publish","type":"product","link":"https:\/\/www.h-werk.ch\/buchs\/product\/system-professional-inessence-mask\/","title":{"rendered":"System Professional &#8211; Inessence Mask"},"content":{"rendered":"<h1>System Professional &#8211; Inessence Mask<\/h1>\n<p>Pflegevorteile:<br \/>\n\u2022 Verringert Frizz<br \/>\n\u2022 Verleiht zu entwirrendem Haar mehr Geschmeidigkeit f\u00fcr leichtere K\u00e4mmbarkeit<br \/>\n\u2022 F\u00fcr mehr Gl\u00e4tte und Geschmeidigkeit bei kr\u00e4ftigem Haar<br \/>\n\u2022 Sch\u00fctzt vor freien Radikalen und anderen Umweltstressfaktoren<\/p>\n","protected":false},"excerpt":{"rendered":"<p>Von der Natur inspirierte intensiv verj\u00fcngende w\u00f6chentliche Behandlung f\u00fcr mehr Feuchtigkeit und Schutz gegen Frizz.<\/p>\n","protected":false},"featured_media":4569,"template":"","meta":[],"product_cat":[58],"product_tag":[],"_links":{"self":[{"href":"https:\/\/www.h-werk.ch\/buchs\/wp-json\/wp\/v2\/product\/4568"}],"collection":[{"href":"https:\/\/www.h-werk.ch\/buchs\/wp-json\/wp\/v2\/product"}],"about":[{"href":"https:\/\/www.h-werk.ch\/buchs\/wp-json\/wp\/v2\/types\/product"}],"wp:featuredmedia":[{"embeddable":true,"href":"https:\/\/www.h-werk.ch\/buchs\/wp-json\/wp\/v2\/media\/4569"}],"wp:attachment":[{"href":"https:\/\/www.h-werk.ch\/buchs\/wp-json\/wp\/v2\/media?parent=4568"}],"wp:term":[{"taxonomy":"product_cat","embeddable":true,"href":"https:\/\/www.h-werk.ch\/buchs\/wp-json\/wp\/v2\/product_cat?post=4568"},{"taxonomy":"product_tag","embeddable":true,"href":"https:\/\/www.h-werk.ch\/buchs\/wp-json\/wp\/v2\/product_tag?post=4568"}],"curies":[{"name":"wp","href":"https:\/\/api.w.org\/{rel}","templated":true}]}}