{"id":4572,"date":"2022-06-14T10:04:42","date_gmt":"2022-06-14T08:04:42","guid":{"rendered":"https:\/\/kundenvorschau.mw-it.at\/?post_type=product&#038;p=4572"},"modified":"2022-07-17T10:48:14","modified_gmt":"2022-07-17T08:48:14","slug":"wella-inessence-spray","status":"publish","type":"product","link":"https:\/\/www.h-werk.ch\/buchs\/product\/wella-inessence-spray\/","title":{"rendered":"System Professional &#8211; Inessence Spray"},"content":{"rendered":"<h1> System Professional &#8211; Inessence Spray<\/h1>\n<p>Pflegevorteile:<br \/>\n\u2022 Verringert Frizz<br \/>\n\u2022 Verbessert die K\u00e4mmbarkeit<br \/>\n\u2022 Das Haar f\u00fchlt sich seidig an und ist leicht k\u00e4mmbar<br \/>\n\u2022 Bringt das Haar ins Gleichgewicht, ohne die besten Inhaltsstoffe zu beeintr\u00e4chtigen<\/p>\n<p>Rezeptur-Highlights:<br \/>\n\u2022 F\u00fcr alle Haartypen<br \/>\n\u2022 Rezeptur ohne Parabene und Silikone<br \/>\n\u2022 96% der Inhaltsstoffe sind nat\u00fcrlichen Ursprungs<br \/>\n\u2022 Zum Aufspr\u00fchen, ohne Aerosole<\/p>\n","protected":false},"excerpt":{"rendered":"<p>Von der Natur inspirierter t\u00e4glicher Schutz vor UV-Sch\u00e4den, der verj\u00fcngt und Frizz beseitigt.<\/p>\n","protected":false},"featured_media":4573,"template":"","meta":[],"product_cat":[58],"product_tag":[],"_links":{"self":[{"href":"https:\/\/www.h-werk.ch\/buchs\/wp-json\/wp\/v2\/product\/4572"}],"collection":[{"href":"https:\/\/www.h-werk.ch\/buchs\/wp-json\/wp\/v2\/product"}],"about":[{"href":"https:\/\/www.h-werk.ch\/buchs\/wp-json\/wp\/v2\/types\/product"}],"wp:featuredmedia":[{"embeddable":true,"href":"https:\/\/www.h-werk.ch\/buchs\/wp-json\/wp\/v2\/media\/4573"}],"wp:attachment":[{"href":"https:\/\/www.h-werk.ch\/buchs\/wp-json\/wp\/v2\/media?parent=4572"}],"wp:term":[{"taxonomy":"product_cat","embeddable":true,"href":"https:\/\/www.h-werk.ch\/buchs\/wp-json\/wp\/v2\/product_cat?post=4572"},{"taxonomy":"product_tag","embeddable":true,"href":"https:\/\/www.h-werk.ch\/buchs\/wp-json\/wp\/v2\/product_tag?post=4572"}],"curies":[{"name":"wp","href":"https:\/\/api.w.org\/{rel}","templated":true}]}}