{"id":4576,"date":"2022-06-14T10:34:29","date_gmt":"2022-06-14T08:34:29","guid":{"rendered":"https:\/\/kundenvorschau.mw-it.at\/?post_type=product&#038;p=4576"},"modified":"2022-07-17T10:40:05","modified_gmt":"2022-07-17T08:40:05","slug":"system-professional-color-save-fluid","status":"publish","type":"product","link":"https:\/\/www.h-werk.ch\/buchs\/product\/system-professional-color-save-fluid\/","title":{"rendered":"System Professional &#8211; Color Save Fluid"},"content":{"rendered":"<h1>System Professional &#8211; Color Save Fluid<\/h1>\n<p>Pflegevorteile:<br \/>\n\u2022 Verl\u00e4ngert die Farbbrillanz und sch\u00fctzt gleichzeitig das Haar<br \/>\n\u2022 Verbessert die K\u00e4mmbarkeit f\u00fcr mehr Glanz und Geschmeidigkeit<br \/>\nRezepturhighlights:<br \/>\n\u2022 Farbschutz<br \/>\n\u2022 UV-Schutz<\/p>\n","protected":false},"excerpt":{"rendered":"<p>System Professional &#8211; Color Save Fluid<br \/>\nFinish f\u00fcr dauerhaft geschmeidigeres, gl\u00e4nzenderes, sch\u00f6neres Haar.<\/p>\n","protected":false},"featured_media":4577,"template":"","meta":[],"product_cat":[49],"product_tag":[],"_links":{"self":[{"href":"https:\/\/www.h-werk.ch\/buchs\/wp-json\/wp\/v2\/product\/4576"}],"collection":[{"href":"https:\/\/www.h-werk.ch\/buchs\/wp-json\/wp\/v2\/product"}],"about":[{"href":"https:\/\/www.h-werk.ch\/buchs\/wp-json\/wp\/v2\/types\/product"}],"wp:featuredmedia":[{"embeddable":true,"href":"https:\/\/www.h-werk.ch\/buchs\/wp-json\/wp\/v2\/media\/4577"}],"wp:attachment":[{"href":"https:\/\/www.h-werk.ch\/buchs\/wp-json\/wp\/v2\/media?parent=4576"}],"wp:term":[{"taxonomy":"product_cat","embeddable":true,"href":"https:\/\/www.h-werk.ch\/buchs\/wp-json\/wp\/v2\/product_cat?post=4576"},{"taxonomy":"product_tag","embeddable":true,"href":"https:\/\/www.h-werk.ch\/buchs\/wp-json\/wp\/v2\/product_tag?post=4576"}],"curies":[{"name":"wp","href":"https:\/\/api.w.org\/{rel}","templated":true}]}}