{"id":4640,"date":"2022-06-14T12:16:13","date_gmt":"2022-06-14T10:16:13","guid":{"rendered":"https:\/\/kundenvorschau.mw-it.at\/?post_type=product&#038;p=4640"},"modified":"2022-07-17T10:36:06","modified_gmt":"2022-07-17T08:36:06","slug":"system-professional-color-save-bi-phase-conditioner","status":"publish","type":"product","link":"https:\/\/www.h-werk.ch\/buchs\/product\/system-professional-color-save-bi-phase-conditioner\/","title":{"rendered":"System Professional &#8211; Color Save Bi-Phase Conditioner"},"content":{"rendered":"<h1>System Professional &#8211; Color Save Bi-Phase Conditioner<\/h1>\n<p>Pflegevorteile:<br \/>\n\u2022 Entwirrt das Haar sofort und sch\u00fctzt die Farbe<br \/>\n\u2022 Sch\u00fctzt das Haarprotein, indem die freien Radikalen eingeschlossen werden<br \/>\n\u2022 Umh\u00fcllt das Haar f\u00fcr verbesserte K\u00e4mmbarkeit und Stylebarkeit<br \/>\n\u2022 Reduziert Frizz<\/p>\n<p>Rezeptur-Highlights:<br \/>\n\u2022 Milchige Phase: angereichert mit farbpflegenden Inhaltsstoffen, die dem Verblassen der Farbe, Farbverschiebungen und dem Verlust der Farbfrische vorbeugen<br \/>\n\u2022 Klare Phase: sch\u00fctzt die nat\u00fcrliche Proteinstruktur des Haares, indem sie die freien Radikalen einschlie\u00dft<br \/>\n\u2022 Farbsicherheit f\u00fcr alle Colorationen<br \/>\n\u2022 UV-Schutz<br \/>\n\u2022 Ideal f\u00fcr die Anwendung mit Color Lock<br \/>\n\u2022 Das perfekte Finish f\u00fcr jede Pflegebehandlung auf coloriertem Haar<\/p>\n","protected":false},"excerpt":{"rendered":"<p>System Professional &#8211; Color Save Bi-Phase Conditioner. Schwereloser Leave-in-Schutz, angereichert mit farbpflegenden Inhaltsstoffen f\u00fcr sofortige K\u00e4mmbarkeit und Farbschutz.<\/p>\n","protected":false},"featured_media":4643,"template":"","meta":[],"product_cat":[49],"product_tag":[],"_links":{"self":[{"href":"https:\/\/www.h-werk.ch\/buchs\/wp-json\/wp\/v2\/product\/4640"}],"collection":[{"href":"https:\/\/www.h-werk.ch\/buchs\/wp-json\/wp\/v2\/product"}],"about":[{"href":"https:\/\/www.h-werk.ch\/buchs\/wp-json\/wp\/v2\/types\/product"}],"wp:featuredmedia":[{"embeddable":true,"href":"https:\/\/www.h-werk.ch\/buchs\/wp-json\/wp\/v2\/media\/4643"}],"wp:attachment":[{"href":"https:\/\/www.h-werk.ch\/buchs\/wp-json\/wp\/v2\/media?parent=4640"}],"wp:term":[{"taxonomy":"product_cat","embeddable":true,"href":"https:\/\/www.h-werk.ch\/buchs\/wp-json\/wp\/v2\/product_cat?post=4640"},{"taxonomy":"product_tag","embeddable":true,"href":"https:\/\/www.h-werk.ch\/buchs\/wp-json\/wp\/v2\/product_tag?post=4640"}],"curies":[{"name":"wp","href":"https:\/\/api.w.org\/{rel}","templated":true}]}}