{"id":4718,"date":"2022-06-14T21:16:24","date_gmt":"2022-06-14T19:16:24","guid":{"rendered":"https:\/\/kundenvorschau.mw-it.at\/?post_type=product&#038;p=4718"},"modified":"2022-06-14T21:19:14","modified_gmt":"2022-06-14T19:19:14","slug":"ghd-total-volume-foam","status":"publish","type":"product","link":"https:\/\/www.h-werk.ch\/buchs\/product\/ghd-total-volume-foam\/","title":{"rendered":"ghd Total Volume Foam"},"content":{"rendered":"<h1>ghd Total Volume Foam<\/h1>\n<p>Entwickelt mit professionellen ghd Stylisten und Hitzestyling Experten, verf\u00fcgt der Volumen-Haarschaum \u00fcber das einzigartige ghd Heat Protection System, um die Integrit\u00e4t Deines Haares zu erhalten und \u00fcberragendes Volumen zu schaffen.<\/p>\n<p>Es bildet sich ein unsichtbares Schutzschild, um das Abheben der Haarfasern zu verhindern und somit die Gl\u00e4tte der Haaroberfl\u00e4che zu verbessern. So zauberst Du im Handumdrehen mehr Volumen mit Deinem Gl\u00e4tteisen oder Haartrockner. Mit dem ghd body goals erreichst Du ein professionelles Endergebnis mit mehr F\u00fclle.<\/p>\n","protected":false},"excerpt":{"rendered":"<p>ghd Total Volume Foam. Ein leichtes Haarstyling-Mousse, f\u00fcr professionelles Volumen. F\u00fcr maximale Stylingergebnisse mit Deinen Hitzestylingtools.<\/p>\n","protected":false},"featured_media":4720,"template":"","meta":[],"product_cat":[64],"product_tag":[],"_links":{"self":[{"href":"https:\/\/www.h-werk.ch\/buchs\/wp-json\/wp\/v2\/product\/4718"}],"collection":[{"href":"https:\/\/www.h-werk.ch\/buchs\/wp-json\/wp\/v2\/product"}],"about":[{"href":"https:\/\/www.h-werk.ch\/buchs\/wp-json\/wp\/v2\/types\/product"}],"wp:featuredmedia":[{"embeddable":true,"href":"https:\/\/www.h-werk.ch\/buchs\/wp-json\/wp\/v2\/media\/4720"}],"wp:attachment":[{"href":"https:\/\/www.h-werk.ch\/buchs\/wp-json\/wp\/v2\/media?parent=4718"}],"wp:term":[{"taxonomy":"product_cat","embeddable":true,"href":"https:\/\/www.h-werk.ch\/buchs\/wp-json\/wp\/v2\/product_cat?post=4718"},{"taxonomy":"product_tag","embeddable":true,"href":"https:\/\/www.h-werk.ch\/buchs\/wp-json\/wp\/v2\/product_tag?post=4718"}],"curies":[{"name":"wp","href":"https:\/\/api.w.org\/{rel}","templated":true}]}}