{"id":4722,"date":"2022-06-14T21:32:04","date_gmt":"2022-06-14T19:32:04","guid":{"rendered":"https:\/\/kundenvorschau.mw-it.at\/?post_type=product&#038;p=4722"},"modified":"2022-06-14T21:32:04","modified_gmt":"2022-06-14T19:32:04","slug":"ghd-root-lift-spray","status":"publish","type":"product","link":"https:\/\/www.h-werk.ch\/buchs\/product\/ghd-root-lift-spray\/","title":{"rendered":"ghd Root Lift Spray"},"content":{"rendered":"<h1>ghd Root Lift Spray<\/h1>\n<p>Entwickelt, um das Hitzestyling f\u00fcr professionelle Ergebnisse zu maximieren, verleiht das ghd pick me up Deinem Haar einen Volumen-Boost. Es l\u00e4sst das Haar somit voller aussehen.<br \/>\nGeeignet f\u00fcr alle Haartypen, zaubert der Root Lift Spray mehr Volumen vom Ansatz bis zur Spitze. Schenke Deinem Hitzestyling einen Boost mit langanhaltendem Volumen und F\u00fclle. Dieses Haarprodukt f\u00fchlt sich leicht an, ist unsichtbar und verleiht Deinem Styling ein Finish in Salonqualit\u00e4t &#8211; Volumen wie vom Friseur!<\/p>\n","protected":false},"excerpt":{"rendered":"<p>Du tr\u00e4umst von mehr Volumen in Deinen Haaren? Erziele professionelles Volumen und Ansatzvolumen mit dem ghd pick me up &#8211; root lift spray.<\/p>\n","protected":false},"featured_media":4723,"template":"","meta":[],"product_cat":[64],"product_tag":[],"_links":{"self":[{"href":"https:\/\/www.h-werk.ch\/buchs\/wp-json\/wp\/v2\/product\/4722"}],"collection":[{"href":"https:\/\/www.h-werk.ch\/buchs\/wp-json\/wp\/v2\/product"}],"about":[{"href":"https:\/\/www.h-werk.ch\/buchs\/wp-json\/wp\/v2\/types\/product"}],"wp:featuredmedia":[{"embeddable":true,"href":"https:\/\/www.h-werk.ch\/buchs\/wp-json\/wp\/v2\/media\/4723"}],"wp:attachment":[{"href":"https:\/\/www.h-werk.ch\/buchs\/wp-json\/wp\/v2\/media?parent=4722"}],"wp:term":[{"taxonomy":"product_cat","embeddable":true,"href":"https:\/\/www.h-werk.ch\/buchs\/wp-json\/wp\/v2\/product_cat?post=4722"},{"taxonomy":"product_tag","embeddable":true,"href":"https:\/\/www.h-werk.ch\/buchs\/wp-json\/wp\/v2\/product_tag?post=4722"}],"curies":[{"name":"wp","href":"https:\/\/api.w.org\/{rel}","templated":true}]}}