{"id":4725,"date":"2022-06-14T21:42:22","date_gmt":"2022-06-14T19:42:22","guid":{"rendered":"https:\/\/kundenvorschau.mw-it.at\/?post_type=product&#038;p=4725"},"modified":"2022-06-14T21:44:49","modified_gmt":"2022-06-14T19:44:49","slug":"ghd-root-lift-spray-2","status":"publish","type":"product","link":"https:\/\/www.h-werk.ch\/buchs\/product\/ghd-root-lift-spray-2\/","title":{"rendered":"ghd Root Lift Spray"},"content":{"rendered":"<h1>ghd Root Lift Spray<\/h1>\n<p>Das leichte Haarserum gl\u00e4ttet sofort und verleiht zus\u00e4tzlichen Glanz. F\u00fcr ein definiertes und seidiges Finish nach dem Haarstyling. Es maximiert geschmeidige Styles, indem es Frizz beseitigt und schnell zu ges\u00fcnder aussehendem Haar verhilft. <\/p>\n<p>Entwickelt, um die Ergebnisse von Hitzestylingtools zu maximieren, verleiht ghd dramatic ending ein glattes Finish f\u00fcr makellose Ergebnisse, ohne Dein Haar zu beschweren.<\/p>\n","protected":false},"excerpt":{"rendered":"<p>ghd Root Lift Spray. Vollende Deine Haarstyling-Routine dem Haarserum f\u00fcr gesund aussehende und professionelle Endergebnisse.<\/p>\n","protected":false},"featured_media":4726,"template":"","meta":[],"product_cat":[64],"product_tag":[],"_links":{"self":[{"href":"https:\/\/www.h-werk.ch\/buchs\/wp-json\/wp\/v2\/product\/4725"}],"collection":[{"href":"https:\/\/www.h-werk.ch\/buchs\/wp-json\/wp\/v2\/product"}],"about":[{"href":"https:\/\/www.h-werk.ch\/buchs\/wp-json\/wp\/v2\/types\/product"}],"wp:featuredmedia":[{"embeddable":true,"href":"https:\/\/www.h-werk.ch\/buchs\/wp-json\/wp\/v2\/media\/4726"}],"wp:attachment":[{"href":"https:\/\/www.h-werk.ch\/buchs\/wp-json\/wp\/v2\/media?parent=4725"}],"wp:term":[{"taxonomy":"product_cat","embeddable":true,"href":"https:\/\/www.h-werk.ch\/buchs\/wp-json\/wp\/v2\/product_cat?post=4725"},{"taxonomy":"product_tag","embeddable":true,"href":"https:\/\/www.h-werk.ch\/buchs\/wp-json\/wp\/v2\/product_tag?post=4725"}],"curies":[{"name":"wp","href":"https:\/\/api.w.org\/{rel}","templated":true}]}}