{"id":4731,"date":"2022-06-14T23:06:18","date_gmt":"2022-06-14T21:06:18","guid":{"rendered":"https:\/\/kundenvorschau.mw-it.at\/?post_type=product&#038;p=4731"},"modified":"2022-06-14T23:06:18","modified_gmt":"2022-06-14T21:06:18","slug":"ghd-final-fix-spray","status":"publish","type":"product","link":"https:\/\/www.h-werk.ch\/buchs\/product\/ghd-final-fix-spray\/","title":{"rendered":"ghd Final Fix Spray"},"content":{"rendered":"<h1>ghd Final Fix Spray<\/h1>\n<p>Das ghd perfect ending kann mit anderen Haarprodukten kombiniert werden und l\u00e4sst sich leicht ausb\u00fcrsten, sodass Du Deinen Look neu stylen kannst, f\u00fcr ein langanhaltendes, professionelles Finish mit flexiblem Halt. Ganz gleich, wie Du Dein Haar stylst, mit ghd perfect ending, Deinem unverzichtbaren Haarstyling-Finishspray, bleibt Dein Look den ganzen Tag lang an Ort und Stelle. Nutze das ghd Haarspray wo und wann Du willst! <\/p>\n","protected":false},"excerpt":{"rendered":"<p>Fixiere Dein Styling mit ghd perfect ending &#8211; final fix hairspray im Handtaschenformat f\u00fcr professionelle Ergebnisse unterwegs.<\/p>\n","protected":false},"featured_media":4732,"template":"","meta":[],"product_cat":[64],"product_tag":[],"_links":{"self":[{"href":"https:\/\/www.h-werk.ch\/buchs\/wp-json\/wp\/v2\/product\/4731"}],"collection":[{"href":"https:\/\/www.h-werk.ch\/buchs\/wp-json\/wp\/v2\/product"}],"about":[{"href":"https:\/\/www.h-werk.ch\/buchs\/wp-json\/wp\/v2\/types\/product"}],"wp:featuredmedia":[{"embeddable":true,"href":"https:\/\/www.h-werk.ch\/buchs\/wp-json\/wp\/v2\/media\/4732"}],"wp:attachment":[{"href":"https:\/\/www.h-werk.ch\/buchs\/wp-json\/wp\/v2\/media?parent=4731"}],"wp:term":[{"taxonomy":"product_cat","embeddable":true,"href":"https:\/\/www.h-werk.ch\/buchs\/wp-json\/wp\/v2\/product_cat?post=4731"},{"taxonomy":"product_tag","embeddable":true,"href":"https:\/\/www.h-werk.ch\/buchs\/wp-json\/wp\/v2\/product_tag?post=4731"}],"curies":[{"name":"wp","href":"https:\/\/api.w.org\/{rel}","templated":true}]}}